{"id":16095,"date":"2022-01-12T05:29:22","date_gmt":"2022-01-12T04:29:22","guid":{"rendered":"https:\/\/francescoeconomy.org\/event-2022\/"},"modified":"2022-05-10T07:35:35","modified_gmt":"2022-05-10T05:35:35","slug":"event-2022","status":"publish","type":"page","link":"https:\/\/francescoeconomy.org\/es\/event-2022\/","title":{"rendered":"EVENT 2022"},"content":{"rendered":"<div class=\"fusion-fullwidth fullwidth-box fusion-builder-row-1 fusion-flex-container nonhundred-percent-fullwidth non-hundred-percent-height-scrolling\" style=\"--awb-border-radius-top-left:0px;--awb-border-radius-top-right:0px;--awb-border-radius-bottom-right:0px;--awb-border-radius-bottom-left:0px;--awb-flex-wrap:wrap;\" ><div class=\"fusion-builder-row fusion-row fusion-flex-align-items-flex-start fusion-flex-content-wrap\" style=\"max-width:1248px;margin-left: calc(-4% \/ 2 );margin-right: calc(-4% \/ 2 );\"><div class=\"fusion-layout-column fusion_builder_column fusion-builder-column-0 fusion_builder_column_1_1 1_1 fusion-flex-column\" style=\"--awb-bg-size:cover;--awb-width-large:100%;--awb-margin-top-large:0px;--awb-spacing-right-large:1.92%;--awb-margin-bottom-large:20px;--awb-spacing-left-large:1.92%;--awb-width-medium:100%;--awb-order-medium:0;--awb-spacing-right-medium:1.92%;--awb-spacing-left-medium:1.92%;--awb-width-small:100%;--awb-order-small:0;--awb-spacing-right-small:1.92%;--awb-spacing-left-small:1.92%;\"><div class=\"fusion-column-wrapper fusion-column-has-shadow fusion-flex-justify-content-flex-start fusion-content-layout-column\"><div class=\"fusion-image-element \" style=\"text-align:center;--awb-caption-title-font-family:var(--h2_typography-font-family);--awb-caption-title-font-weight:var(--h2_typography-font-weight);--awb-caption-title-font-style:var(--h2_typography-font-style);--awb-caption-title-size:var(--h2_typography-font-size);--awb-caption-title-transform:var(--h2_typography-text-transform);--awb-caption-title-line-height:var(--h2_typography-line-height);--awb-caption-title-letter-spacing:var(--h2_typography-letter-spacing);\"><span class=\" fusion-imageframe imageframe-none imageframe-1 hover-type-none\"><img decoding=\"async\" width=\"1024\" height=\"402\" title=\"Immagineallegata-4\" src=\"https:\/\/francescoeconomy.org\/wp-content\/uploads\/2022\/05\/Immagineallegata-4.png\" data-orig-src=\"https:\/\/francescoeconomy.org\/wp-content\/uploads\/2022\/05\/Immagineallegata-4-1024x402.png\" alt class=\"lazyload img-responsive wp-image-17858\" srcset=\"data:image\/svg+xml,%3Csvg%20xmlns%3D%27http%3A%2F%2Fwww.w3.org%2F2000%2Fsvg%27%20width%3D%271129%27%20height%3D%27443%27%20viewBox%3D%270%200%201129%20443%27%3E%3Crect%20width%3D%271129%27%20height%3D%27443%27%20fill-opacity%3D%220%22%2F%3E%3C%2Fsvg%3E\" data-srcset=\"https:\/\/francescoeconomy.org\/wp-content\/uploads\/2022\/05\/Immagineallegata-4-200x78.png 200w, https:\/\/francescoeconomy.org\/wp-content\/uploads\/2022\/05\/Immagineallegata-4-400x157.png 400w, https:\/\/francescoeconomy.org\/wp-content\/uploads\/2022\/05\/Immagineallegata-4-600x235.png 600w, https:\/\/francescoeconomy.org\/wp-content\/uploads\/2022\/05\/Immagineallegata-4-800x314.png 800w, https:\/\/francescoeconomy.org\/wp-content\/uploads\/2022\/05\/Immagineallegata-4.png 1129w\" data-sizes=\"auto\" data-orig-sizes=\"(max-width: 720px) 100vw, (max-width: 640px) 100vw, 1024px\" \/><\/span><\/div><div class=\"fusion-text fusion-text-1\" style=\"--awb-line-height:1;\"><h4 style=\"text-align: center;\"><strong><em><span class=\"JsGRdQ\">\u201cQueridos j\u00f3venes, dejad que surjan vuestras ideas y vuestros sue\u00f1os y, a trav\u00e9s de ellos, aportad al mundo, a la Iglesia y a los dem\u00e1s j\u00f3venes, la profec\u00eda y la belleza de la que sois capaces. No sois el futuro: sois el presente. Otro presente. El mundo necesita vuestro valor. Ahora<\/span><\/em><\/strong><strong><em><span class=\"JsGRdQ\">\u201d<\/span><\/em><\/strong><\/h4>\n<p style=\"text-align: right;\"><em>Papa Francisco<\/em><\/p>\n<\/div><\/div><\/div><div class=\"fusion-layout-column fusion_builder_column fusion-builder-column-1 fusion_builder_column_1_1 1_1 fusion-flex-column\" style=\"--awb-bg-size:cover;--awb-width-large:100%;--awb-margin-top-large:0px;--awb-spacing-right-large:1.92%;--awb-margin-bottom-large:20px;--awb-spacing-left-large:1.92%;--awb-width-medium:100%;--awb-order-medium:0;--awb-spacing-right-medium:1.92%;--awb-spacing-left-medium:1.92%;--awb-width-small:100%;--awb-order-small:0;--awb-spacing-right-small:1.92%;--awb-spacing-left-small:1.92%;\"><div class=\"fusion-column-wrapper fusion-column-has-shadow fusion-flex-justify-content-flex-start fusion-content-layout-column\"><div class=\"fusion-countdown fusion-countdown-1 fusion-countdown-floated fusion-countdown-label-text_flow fusion-countdown-has-heading\" style=\"--awb-counter-border-size:0;\"><div class=\"fusion-countdown-wrapper\"><div class=\"fusion-countdown-heading-wrapper\"><div class=\"fusion-countdown-subheading\">Live in Assisi<\/div><div class=\"fusion-countdown-heading\">INTERNATIONAL EVENT 2022<\/div><\/div><div class=\"fusion-countdown-counter-wrapper\" id=\"fusion-countdown-1\" data-gmt-offset=\"2\" data-timer=\"2022-09-22-18-46-34\" data-omit-weeks=\"1\"><div class=\"fusion-dash-wrapper \"><div class=\"fusion-dash fusion-dash-days\"><div class=\"fusion-digit-wrapper\"><div class=\"fusion-thousand-digit fusion-digit\">0<\/div><div class=\"fusion-hundred-digit fusion-digit\">0<\/div><div class=\"fusion-digit\">0<\/div><div class=\"fusion-digit\">0<\/div><\/div><div class=\"fusion-dash-title\">Days<\/div><\/div><\/div><div class=\"fusion-dash-wrapper \"><div class=\"fusion-dash fusion-dash-hours\"><div class=\"fusion-digit-wrapper\"><div class=\"fusion-digit\">0<\/div><div class=\"fusion-digit\">0<\/div><\/div><div class=\"fusion-dash-title\">Hrs<\/div><\/div><\/div><div class=\"fusion-dash-wrapper \"><div class=\"fusion-dash fusion-dash-minutes\"><div class=\"fusion-digit-wrapper\"><div class=\"fusion-digit\">0<\/div><div class=\"fusion-digit\">0<\/div><\/div><div class=\"fusion-dash-title\">Min<\/div><\/div><\/div><div class=\"fusion-dash-wrapper \"><div class=\"fusion-dash fusion-dash-seconds\"><div class=\"fusion-digit-wrapper\"><div class=\"fusion-digit\">0<\/div><div class=\"fusion-digit\">0<\/div><\/div><div class=\"fusion-dash-title\">Sec<\/div><\/div><\/div><\/div><\/div><\/div><\/div><\/div><div class=\"fusion-layout-column fusion_builder_column fusion-builder-column-2 fusion_builder_column_1_2 1_2 fusion-flex-column\" style=\"--awb-bg-size:cover;--awb-width-large:50%;--awb-margin-top-large:0px;--awb-spacing-right-large:3.84%;--awb-margin-bottom-large:20px;--awb-spacing-left-large:3.84%;--awb-width-medium:100%;--awb-order-medium:0;--awb-spacing-right-medium:1.92%;--awb-spacing-left-medium:1.92%;--awb-width-small:100%;--awb-order-small:0;--awb-spacing-right-small:1.92%;--awb-spacing-left-small:1.92%;\"><div class=\"fusion-column-wrapper fusion-column-has-shadow fusion-flex-justify-content-flex-start fusion-content-layout-column\"><div class=\"fusion-text fusion-text-2\"><p style=\"text-align: left;\">Despu\u00e9s de tres a\u00f1os de vida, de trabajo, de espera, de proyectos, de propuestas, de ganas; despu\u00e9s de dos a\u00f1os de una pandemia que podr\u00eda habernos detenido pero no lo consigui\u00f3; despu\u00e9s del gran dolor que el mundo ha tenido que afrontar; aqu\u00ed estamos, con ganas de cambiar la corriente: <strong>\u00a1En septiembre estaremos en As\u00eds todos juntos para celebrar y difundir La Econom\u00eda de Francisco!<\/strong><\/p>\n<p style=\"text-align: left;\">Queremos reunirnos con todos los j\u00f3venes que se han puesto en marcha en estos tres a\u00f1os e involucrar a otros j\u00f3venes economistas, emprendedores y changemakers de todo el mundo.<\/p>\n<p style=\"text-align: left;\">Pongamos en marcha muchos eventos #LivingEoF en el camino hacia As\u00eds 2022: invitemos a nuevos amigos y colegas, demos vida a una verdadera explosi\u00f3n de iniciativas, alegr\u00eda y entusiasmo, abarrotando nuestras ciudades y dejando se\u00f1ales y evidencias de una nueva econom\u00eda.<br \/>\n<strong>\u00a1Vayamos! El Papa cuenta con cada uno de nosotros. \u00a1Y el mundo necesita nuestra acci\u00f3n!<\/strong><\/p>\n<\/div><\/div><\/div><div class=\"fusion-layout-column fusion_builder_column fusion-builder-column-3 fusion_builder_column_1_2 1_2 fusion-flex-column\" style=\"--awb-bg-size:cover;--awb-width-large:50%;--awb-margin-top-large:0px;--awb-spacing-right-large:3.84%;--awb-margin-bottom-large:20px;--awb-spacing-left-large:3.84%;--awb-width-medium:100%;--awb-order-medium:0;--awb-spacing-right-medium:1.92%;--awb-spacing-left-medium:1.92%;--awb-width-small:100%;--awb-order-small:0;--awb-spacing-right-small:1.92%;--awb-spacing-left-small:1.92%;\"><div class=\"fusion-column-wrapper fusion-column-has-shadow fusion-flex-justify-content-flex-start fusion-content-layout-column\"><div class=\"fusion-image-element \" style=\"text-align:center;--awb-max-width:400px;--awb-caption-title-font-family:var(--h2_typography-font-family);--awb-caption-title-font-weight:var(--h2_typography-font-weight);--awb-caption-title-font-style:var(--h2_typography-font-style);--awb-caption-title-size:var(--h2_typography-font-size);--awb-caption-title-transform:var(--h2_typography-text-transform);--awb-caption-title-line-height:var(--h2_typography-line-height);--awb-caption-title-letter-spacing:var(--h2_typography-letter-spacing);\"><span class=\" fusion-imageframe imageframe-none imageframe-2 hover-type-none\"><img decoding=\"async\" width=\"1024\" height=\"814\" title=\"Post para instagram Reyes magos Regalos verde (2)\" src=\"data:image\/svg+xml,%3Csvg%20xmlns%3D%27http%3A%2F%2Fwww.w3.org%2F2000%2Fsvg%27%20width%3D%271080%27%20height%3D%271080%27%20viewBox%3D%270%200%201080%201080%27%3E%3Crect%20width%3D%271080%27%20height%3D%271080%27%20fill-opacity%3D%220%22%2F%3E%3C%2Fsvg%3E\" data-orig-src=\"https:\/\/francescoeconomy.org\/wp-content\/uploads\/2022\/01\/Post-para-instagram-Reyes-magos-Regalos-verde-2-e1642035749901-1024x814.png\" alt class=\"lazyload img-responsive wp-image-15209\"\/><\/span><\/div><\/div><\/div><div class=\"fusion-layout-column fusion_builder_column fusion-builder-column-4 fusion_builder_column_1_2 1_2 fusion-flex-column\" style=\"--awb-padding-right:30px;--awb-padding-bottom:20px;--awb-padding-left:30px;--awb-bg-size:cover;--awb-width-large:50%;--awb-margin-top-large:0px;--awb-spacing-right-large:3.84%;--awb-margin-bottom-large:20px;--awb-spacing-left-large:3.84%;--awb-width-medium:100%;--awb-order-medium:0;--awb-spacing-right-medium:1.92%;--awb-spacing-left-medium:1.92%;--awb-width-small:100%;--awb-order-small:0;--awb-spacing-right-small:1.92%;--awb-spacing-left-small:1.92%;\"><div class=\"fusion-column-wrapper fusion-column-has-shadow fusion-flex-justify-content-flex-start fusion-content-layout-column\"><div style=\"text-align:center;\"><a class=\"fusion-button button-flat fusion-button-default-size button-custom fusion-button-default button-1 fusion-button-default-span fusion-button-default-type\" style=\"--button_accent_color:#000000;--button_border_color:#000000;--button_accent_hover_color:#000000;--button_border_hover_color:#ffffff;--button_gradient_top_color:#ffffff;--button_gradient_bottom_color:#ffffff;--button_gradient_top_color_hover:rgba(255,255,255,0.77);--button_gradient_bottom_color_hover:rgba(255,255,255,0.77);\" target=\"_blank\" rel=\"noopener noreferrer\" href=\"https:\/\/francescoeconomy.org\/it\/faq\/?swcfpc=1\"><i class=\"fa-question-circle fas awb-button__icon awb-button__icon--default button-icon-left\" aria-hidden=\"true\"><\/i><span class=\"fusion-button-text awb-button__text awb-button__text--default\">Dale un vistazo a la secci\u00f3n F.A.Q.<\/span><\/a><\/div><\/div><\/div><div class=\"fusion-layout-column fusion_builder_column fusion-builder-column-5 fusion_builder_column_1_2 1_2 fusion-flex-column\" style=\"--awb-padding-right:30px;--awb-padding-bottom:20px;--awb-padding-left:30px;--awb-bg-size:cover;--awb-width-large:50%;--awb-margin-top-large:0px;--awb-spacing-right-large:3.84%;--awb-margin-bottom-large:20px;--awb-spacing-left-large:3.84%;--awb-width-medium:100%;--awb-order-medium:0;--awb-spacing-right-medium:1.92%;--awb-spacing-left-medium:1.92%;--awb-width-small:100%;--awb-order-small:0;--awb-spacing-right-small:1.92%;--awb-spacing-left-small:1.92%;\"><div class=\"fusion-column-wrapper fusion-column-has-shadow fusion-flex-justify-content-flex-start fusion-content-layout-column\"><div style=\"text-align:center;\"><a class=\"fusion-button button-flat fusion-button-default-size button-custom fusion-button-default button-2 fusion-button-default-span fusion-button-default-type\" style=\"--button_accent_color:#000000;--button_border_color:#000000;--button_accent_hover_color:#000000;--button_border_hover_color:#ffffff;--button_gradient_top_color:#ffffff;--button_gradient_bottom_color:#ffffff;--button_gradient_top_color_hover:rgba(255,255,255,0.77);--button_gradient_bottom_color_hover:rgba(255,255,255,0.77);\" target=\"_blank\" rel=\"noopener noreferrer\" href=\"https:\/\/participants.francescoeconomy.org\/\"><i class=\"fa-users fas awb-button__icon awb-button__icon--default button-icon-left\" aria-hidden=\"true\"><\/i><span class=\"fusion-button-text awb-button__text awb-button__text--default\">\u00c1REA DE PARTICIPANTES<\/span><\/a><\/div><\/div><\/div><div class=\"fusion-layout-column fusion_builder_column fusion-builder-column-6 fusion_builder_column_1_1 1_1 fusion-flex-column\" style=\"--awb-bg-size:cover;--awb-width-large:100%;--awb-margin-top-large:0px;--awb-spacing-right-large:1.92%;--awb-margin-bottom-large:20px;--awb-spacing-left-large:1.92%;--awb-width-medium:100%;--awb-order-medium:0;--awb-spacing-right-medium:1.92%;--awb-spacing-left-medium:1.92%;--awb-width-small:100%;--awb-order-small:0;--awb-spacing-right-small:1.92%;--awb-spacing-left-small:1.92%;\"><div class=\"fusion-column-wrapper fusion-column-has-shadow fusion-flex-justify-content-flex-start fusion-content-layout-column\"><div class=\"fusion-text fusion-text-3\" style=\"--awb-text-font-family:&quot;Poppins&quot;;--awb-text-font-style:normal;--awb-text-font-weight:400;\"><blockquote>\n<h4>Agradecemos a todos los que han enviado su solicitud para participar en el evento.<br \/>\nEn breve daremos m\u00e1s detalles a los participantes, as\u00ed como el programa del evento de tres jornadas.<\/h4>\n<\/blockquote>\n<\/div><\/div><\/div><\/div><\/div>\n","protected":false},"excerpt":{"rendered":"","protected":false},"author":3,"featured_media":0,"parent":0,"menu_order":0,"comment_status":"closed","ping_status":"closed","template":"","meta":{"footnotes":""},"class_list":["post-16095","page","type-page","status-publish","hentry"],"yoast_head":"<!-- This site is optimized with the Yoast SEO plugin v27.4 - https:\/\/yoast.com\/product\/yoast-seo-wordpress\/ -->\n<title>EVENT 2022 | The Economy of Francesco<\/title>\n<meta name=\"robots\" content=\"index, follow, max-snippet:-1, max-image-preview:large, max-video-preview:-1\" \/>\n<link rel=\"canonical\" href=\"https:\/\/francescoeconomy.org\/es\/event-2022\/\" \/>\n<meta property=\"og:locale\" content=\"es_ES\" \/>\n<meta property=\"og:type\" content=\"article\" \/>\n<meta property=\"og:title\" content=\"EVENT 2022 | The Economy of Francesco\" \/>\n<meta property=\"og:url\" content=\"https:\/\/francescoeconomy.org\/es\/event-2022\/\" \/>\n<meta property=\"og:site_name\" content=\"The Economy of Francesco\" \/>\n<meta property=\"article:modified_time\" content=\"2022-05-10T05:35:35+00:00\" \/>\n<meta name=\"twitter:card\" content=\"summary_large_image\" \/>\n<meta name=\"twitter:label1\" content=\"Tiempo de lectura\" \/>\n\t<meta name=\"twitter:data1\" content=\"6 minutos\" \/>\n<script type=\"application\/ld+json\" class=\"yoast-schema-graph\">{\"@context\":\"https:\\\/\\\/schema.org\",\"@graph\":[{\"@type\":\"WebPage\",\"@id\":\"https:\\\/\\\/francescoeconomy.org\\\/es\\\/event-2022\\\/\",\"url\":\"https:\\\/\\\/francescoeconomy.org\\\/es\\\/event-2022\\\/\",\"name\":\"EVENT 2022 | The Economy of Francesco\",\"isPartOf\":{\"@id\":\"https:\\\/\\\/francescoeconomy.org\\\/#website\"},\"datePublished\":\"2022-01-12T04:29:22+00:00\",\"dateModified\":\"2022-05-10T05:35:35+00:00\",\"breadcrumb\":{\"@id\":\"https:\\\/\\\/francescoeconomy.org\\\/es\\\/event-2022\\\/#breadcrumb\"},\"inLanguage\":\"es\",\"potentialAction\":[{\"@type\":\"ReadAction\",\"target\":[\"https:\\\/\\\/francescoeconomy.org\\\/es\\\/event-2022\\\/\"]}]},{\"@type\":\"BreadcrumbList\",\"@id\":\"https:\\\/\\\/francescoeconomy.org\\\/es\\\/event-2022\\\/#breadcrumb\",\"itemListElement\":[{\"@type\":\"ListItem\",\"position\":1,\"name\":\"Home\",\"item\":\"https:\\\/\\\/francescoeconomy.org\\\/es\\\/\"},{\"@type\":\"ListItem\",\"position\":2,\"name\":\"EVENT 2022\"}]},{\"@type\":\"WebSite\",\"@id\":\"https:\\\/\\\/francescoeconomy.org\\\/#website\",\"url\":\"https:\\\/\\\/francescoeconomy.org\\\/\",\"name\":\"The Economy of Francesco\",\"description\":\"Young people, a commitment, the future\",\"publisher\":{\"@id\":\"https:\\\/\\\/francescoeconomy.org\\\/#organization\"},\"potentialAction\":[{\"@type\":\"SearchAction\",\"target\":{\"@type\":\"EntryPoint\",\"urlTemplate\":\"https:\\\/\\\/francescoeconomy.org\\\/?s={search_term_string}\"},\"query-input\":{\"@type\":\"PropertyValueSpecification\",\"valueRequired\":true,\"valueName\":\"search_term_string\"}}],\"inLanguage\":\"es\"},{\"@type\":\"Organization\",\"@id\":\"https:\\\/\\\/francescoeconomy.org\\\/#organization\",\"name\":\"The Economy of Francesco\",\"url\":\"https:\\\/\\\/francescoeconomy.org\\\/\",\"logo\":{\"@type\":\"ImageObject\",\"inLanguage\":\"es\",\"@id\":\"https:\\\/\\\/francescoeconomy.org\\\/#\\\/schema\\\/logo\\\/image\\\/\",\"url\":\"https:\\\/\\\/francescoeconomy.org\\\/wp-content\\\/uploads\\\/2019\\\/06\\\/Logo-EoF2020-tracciato.png\",\"contentUrl\":\"https:\\\/\\\/francescoeconomy.org\\\/wp-content\\\/uploads\\\/2019\\\/06\\\/Logo-EoF2020-tracciato.png\",\"width\":513,\"height\":513,\"caption\":\"The Economy of Francesco\"},\"image\":{\"@id\":\"https:\\\/\\\/francescoeconomy.org\\\/#\\\/schema\\\/logo\\\/image\\\/\"}}]}<\/script>\n<!-- \/ Yoast SEO plugin. -->","yoast_head_json":{"title":"EVENT 2022 | The Economy of Francesco","robots":{"index":"index","follow":"follow","max-snippet":"max-snippet:-1","max-image-preview":"max-image-preview:large","max-video-preview":"max-video-preview:-1"},"canonical":"https:\/\/francescoeconomy.org\/es\/event-2022\/","og_locale":"es_ES","og_type":"article","og_title":"EVENT 2022 | The Economy of Francesco","og_url":"https:\/\/francescoeconomy.org\/es\/event-2022\/","og_site_name":"The Economy of Francesco","article_modified_time":"2022-05-10T05:35:35+00:00","twitter_card":"summary_large_image","twitter_misc":{"Tiempo de lectura":"6 minutos"},"schema":{"@context":"https:\/\/schema.org","@graph":[{"@type":"WebPage","@id":"https:\/\/francescoeconomy.org\/es\/event-2022\/","url":"https:\/\/francescoeconomy.org\/es\/event-2022\/","name":"EVENT 2022 | The Economy of Francesco","isPartOf":{"@id":"https:\/\/francescoeconomy.org\/#website"},"datePublished":"2022-01-12T04:29:22+00:00","dateModified":"2022-05-10T05:35:35+00:00","breadcrumb":{"@id":"https:\/\/francescoeconomy.org\/es\/event-2022\/#breadcrumb"},"inLanguage":"es","potentialAction":[{"@type":"ReadAction","target":["https:\/\/francescoeconomy.org\/es\/event-2022\/"]}]},{"@type":"BreadcrumbList","@id":"https:\/\/francescoeconomy.org\/es\/event-2022\/#breadcrumb","itemListElement":[{"@type":"ListItem","position":1,"name":"Home","item":"https:\/\/francescoeconomy.org\/es\/"},{"@type":"ListItem","position":2,"name":"EVENT 2022"}]},{"@type":"WebSite","@id":"https:\/\/francescoeconomy.org\/#website","url":"https:\/\/francescoeconomy.org\/","name":"The Economy of Francesco","description":"Young people, a commitment, the future","publisher":{"@id":"https:\/\/francescoeconomy.org\/#organization"},"potentialAction":[{"@type":"SearchAction","target":{"@type":"EntryPoint","urlTemplate":"https:\/\/francescoeconomy.org\/?s={search_term_string}"},"query-input":{"@type":"PropertyValueSpecification","valueRequired":true,"valueName":"search_term_string"}}],"inLanguage":"es"},{"@type":"Organization","@id":"https:\/\/francescoeconomy.org\/#organization","name":"The Economy of Francesco","url":"https:\/\/francescoeconomy.org\/","logo":{"@type":"ImageObject","inLanguage":"es","@id":"https:\/\/francescoeconomy.org\/#\/schema\/logo\/image\/","url":"https:\/\/francescoeconomy.org\/wp-content\/uploads\/2019\/06\/Logo-EoF2020-tracciato.png","contentUrl":"https:\/\/francescoeconomy.org\/wp-content\/uploads\/2019\/06\/Logo-EoF2020-tracciato.png","width":513,"height":513,"caption":"The Economy of Francesco"},"image":{"@id":"https:\/\/francescoeconomy.org\/#\/schema\/logo\/image\/"}}]}},"_links":{"self":[{"href":"https:\/\/francescoeconomy.org\/es\/wp-json\/wp\/v2\/pages\/16095","targetHints":{"allow":["GET"]}}],"collection":[{"href":"https:\/\/francescoeconomy.org\/es\/wp-json\/wp\/v2\/pages"}],"about":[{"href":"https:\/\/francescoeconomy.org\/es\/wp-json\/wp\/v2\/types\/page"}],"author":[{"embeddable":true,"href":"https:\/\/francescoeconomy.org\/es\/wp-json\/wp\/v2\/users\/3"}],"replies":[{"embeddable":true,"href":"https:\/\/francescoeconomy.org\/es\/wp-json\/wp\/v2\/comments?post=16095"}],"version-history":[{"count":0,"href":"https:\/\/francescoeconomy.org\/es\/wp-json\/wp\/v2\/pages\/16095\/revisions"}],"wp:attachment":[{"href":"https:\/\/francescoeconomy.org\/es\/wp-json\/wp\/v2\/media?parent=16095"}],"curies":[{"name":"wp","href":"https:\/\/api.w.org\/{rel}","templated":true}]}}