{"id":16610,"date":"2022-03-01T22:51:38","date_gmt":"2022-03-01T21:51:38","guid":{"rendered":"https:\/\/francescoeconomy.org\/hic-sum-grants-and-startup-funds\/"},"modified":"2022-04-02T11:53:25","modified_gmt":"2022-04-02T09:53:25","slug":"hic-sum-grants-and-startup-funds","status":"publish","type":"page","link":"https:\/\/francescoeconomy.org\/es\/hic-sum-grants-and-startup-funds\/","title":{"rendered":"HIC SUM grants and startup funds"},"content":{"rendered":"<div class=\"fusion-fullwidth fullwidth-box fusion-builder-row-1 fusion-flex-container nonhundred-percent-fullwidth non-hundred-percent-height-scrolling\" style=\"--awb-border-radius-top-left:0px;--awb-border-radius-top-right:0px;--awb-border-radius-bottom-right:0px;--awb-border-radius-bottom-left:0px;--awb-background-color:#ffffff;--awb-flex-wrap:wrap;\" ><div class=\"fusion-builder-row fusion-row fusion-flex-align-items-flex-start fusion-flex-content-wrap\" style=\"max-width:1248px;margin-left: calc(-4% \/ 2 );margin-right: calc(-4% \/ 2 );\"><div class=\"fusion-layout-column fusion_builder_column fusion-builder-column-0 fusion_builder_column_1_1 1_1 fusion-flex-column\" style=\"--awb-bg-size:cover;--awb-width-large:100%;--awb-margin-top-large:0px;--awb-spacing-right-large:1.92%;--awb-margin-bottom-large:20px;--awb-spacing-left-large:1.92%;--awb-width-medium:100%;--awb-order-medium:0;--awb-spacing-right-medium:1.92%;--awb-spacing-left-medium:1.92%;--awb-width-small:100%;--awb-order-small:0;--awb-spacing-right-small:1.92%;--awb-spacing-left-small:1.92%;\"><div class=\"fusion-column-wrapper fusion-column-has-shadow fusion-flex-justify-content-flex-start fusion-content-layout-column\"><div class=\"fusion-image-element \" style=\"text-align:center;--awb-caption-title-font-family:var(--h2_typography-font-family);--awb-caption-title-font-weight:var(--h2_typography-font-weight);--awb-caption-title-font-style:var(--h2_typography-font-style);--awb-caption-title-size:var(--h2_typography-font-size);--awb-caption-title-transform:var(--h2_typography-text-transform);--awb-caption-title-line-height:var(--h2_typography-line-height);--awb-caption-title-letter-spacing:var(--h2_typography-letter-spacing);\"><span class=\" fusion-imageframe imageframe-none imageframe-1 hover-type-none\"><img decoding=\"async\" width=\"3240\" height=\"1080\" title=\"EOF BANNER (1)\" src=\"https:\/\/francescoeconomy.org\/wp-content\/uploads\/2022\/03\/EOF-BANNER-1.png\" data-orig-src=\"https:\/\/francescoeconomy.org\/wp-content\/uploads\/2022\/03\/EOF-BANNER-1.png\" alt class=\"lazyload img-responsive wp-image-16567\" srcset=\"data:image\/svg+xml,%3Csvg%20xmlns%3D%27http%3A%2F%2Fwww.w3.org%2F2000%2Fsvg%27%20width%3D%273240%27%20height%3D%271080%27%20viewBox%3D%270%200%203240%201080%27%3E%3Crect%20width%3D%273240%27%20height%3D%271080%27%20fill-opacity%3D%220%22%2F%3E%3C%2Fsvg%3E\" data-srcset=\"https:\/\/francescoeconomy.org\/wp-content\/uploads\/2022\/03\/EOF-BANNER-1-200x67.png 200w, https:\/\/francescoeconomy.org\/wp-content\/uploads\/2022\/03\/EOF-BANNER-1-400x133.png 400w, https:\/\/francescoeconomy.org\/wp-content\/uploads\/2022\/03\/EOF-BANNER-1-600x200.png 600w, https:\/\/francescoeconomy.org\/wp-content\/uploads\/2022\/03\/EOF-BANNER-1-800x267.png 800w, https:\/\/francescoeconomy.org\/wp-content\/uploads\/2022\/03\/EOF-BANNER-1-1200x400.png 1200w, https:\/\/francescoeconomy.org\/wp-content\/uploads\/2022\/03\/EOF-BANNER-1.png 3240w\" data-sizes=\"auto\" data-orig-sizes=\"(max-width: 720px) 100vw, (max-width: 640px) 100vw, 1200px\" \/><\/span><\/div><div class=\"fusion-text fusion-text-1\" style=\"--awb-content-alignment:left;\"><h4><span style=\"color: #ffffff;\">Grant<\/span><\/h4>\n<h4 style=\"padding-left: 40px;\"><b>\u2192 Objetivo<\/b><\/h4>\n<p style=\"padding-left: 40px;\"><span style=\"font-weight: 400;\">Las becas y fondos de startup de HIC SUM tienen como objetivo apoyar a los j\u00f3venes que se identifican con la Econom\u00eda de Francisco en la colaboraci\u00f3n para construir o desarrollar empresas sociales en \u00c1frica, Am\u00e9rica del Sur, Asia en relaci\u00f3n con las Congregaciones Religiosas de hermanas misioneras dentro del proyecto HIC SUM de Spazio Spadoni.<\/span><\/p>\n<h4 style=\"padding-left: 40px;\"><b>\u2192 <\/b><b>Promotores<\/b><\/h4>\n<p style=\"padding-left: 40px;\"><span style=\"font-weight: 400;\">La aplicaci\u00f3n est\u00e1 promovida por Spazio Spadoni, un proyecto creado para fomentar caminos generativos de misi\u00f3n y misericordia. Es un espacio de pensamiento y espiritualidad que se convierte en una propuesta concreta, combinando la realidad y el esp\u00edritu de misericordia con la urgencia de la misi\u00f3n.\u00a0<\/span><\/p>\n<p style=\"padding-left: 40px;\"><span style=\"font-weight: 400;\">Es un lugar de encuentro para las experiencias de voluntariado y compromiso social en Italia y las Congregaciones Religiosas de mujeres misioneras en el Sur del mundo, particularmente en \u00c1frica, Asia y Sudam\u00e9rica.<\/span><\/p>\n<h4 style=\"padding-left: 40px;\"><b>\u2192 <\/b><b>El proyecto en el que se inserta la aplicaci\u00f3n<\/b><\/h4>\n<p style=\"padding-left: 40px;\"><span style=\"font-weight: 400;\">La solicitud se refiere a la posibilidad de que los j\u00f3venes que se identifican con la Econom\u00eda de Francisco contribuyan activamente a la realizaci\u00f3n de los proyectos de HIC SUM ya activos en el mundo. HIC SUM, t\u00e9rmino latino que significa \u00abAqu\u00ed estoy\u00bb, es un proyecto misionero que consiste en la formaci\u00f3n de una monja en una asociaci\u00f3n de voluntarios italiana durante unos 6 meses. Al final de este per\u00edodo, la hermana promover\u00e1 en su propio pa\u00eds una experiencia de voluntariado orientada a la expresi\u00f3n de al menos una de las 14 Obras de Misericordia y activar\u00e1 una peque\u00f1a <\/span><b>Empresa Social (llamada Pan de Misericordia) <\/b><span style=\"font-weight: 400;\">para la producci\u00f3n de alimentos (por ejemplo, pan, chocolate, arroz, etc.) o productos (por ejemplo, jab\u00f3n, etc.) que podr\u00e1n vender en parte para asegurar el autosostenimiento de la comunidad religiosa, y en parte entregar gratuitamente a quienes se encuentran en estado de gran indigencia y vulnerabilidad. Entre la comunidad religiosa de la monja y la asociaci\u00f3n de voluntarios se genera una relaci\u00f3n de hermanamiento y reciprocidad, que incluye tambi\u00e9n el intercambio de voluntarios.<\/span><\/p>\n<h4 style=\"padding-left: 40px;\"><b>\u2192 <\/b><b>Las 2 acciones del proyecto:<\/b><\/h4>\n<ol>\n<li style=\"list-style-type: none;\">\n<ol>\n<li><span style=\"font-weight: 400;\">Para el desarrollo de tu propia startup y su conexi\u00f3n en red buscamos:<\/span><\/li>\n<\/ol>\n<\/li>\n<\/ol>\n<ul>\n<li style=\"list-style-type: none;\">\n<ul>\n<li><span style=\"font-weight: 400;\">mujeres y hombres j\u00f3venes hasta los 35 a\u00f1os\u00a0\u00a0<\/span><\/li>\n<li><span style=\"font-weight: 400;\">j\u00f3venes que vivan (o procedan y est\u00e9n dispuestos a volver) en los siguientes pa\u00edses: Brasil, Burkina Faso, Burundi, Costa de Marfil, Filipinas, Ghana, India, Kenia, Malaui, Mal\u00ed, M\u00e9xico, Nigeria, Per\u00fa, Rep\u00fablica Democr\u00e1tica del Congo, Ruanda Siria, Tanzania, Togo, Uganda, Zambia, u otros pa\u00edses a evaluar.<\/span><\/li>\n<li>Los j\u00f3venes tambi\u00e9n est\u00e1n dispuestos a viajar dentro de su territorio nacional si esto es \u00fatil y estrat\u00e9gico para el desarrollo del proyecto y su trabajo en red.<\/li>\n<li>j\u00f3venes dispuestos a colaborar con las congregaciones religiosas.<\/li>\n<\/ul>\n<\/li>\n<\/ul>\n<p style=\"padding-left: 80px;\"><b>\u00a0<\/b><\/p>\n<p style=\"padding-left: 40px;\"><span style=\"font-weight: 400;\">2. Para el apoyo en un proceso existente o en la puesta en marcha de una empresa social buscamos:<\/span><\/p>\n<ul>\n<li style=\"list-style-type: none;\">\n<ul>\n<li><span style=\"font-weight: 400;\">j\u00f3venes hasta los 35 a\u00f1os<\/span><\/li>\n<li>j\u00f3venes que viven en (o son de y pueden estar dispuestos a regresar a) los siguientes pa\u00edses: Brasil, Burkina Faso, Burundi, Costa de Marfil, Filipinas, Ghana, India, Kenia, Malawi, Mali, M\u00e9xico, Nigeria, Per\u00fa, Rep\u00fablica Democr\u00e1tica del Congo, Ruanda Siria, Tanzania, Togo, Uganda, Zambia, u otros pa\u00edses que se evaluar\u00e1n.<\/li>\n<li>j\u00f3venes con experiencia y habilidades en \u00e1reas como la agricultura\/producci\u00f3n de alimentos\/formaci\u00f3n\/artesan\u00eda<\/li>\n<li>j\u00f3venes dispuestos a:\n<ul>\n<li>trabajar en una fuerte relaci\u00f3n con una experiencia espec\u00edfica como la del proyecto HIC SUM y motivado para colaborar con los actores del propio proyecto.<\/li>\n<li>desarrollar el coaching por un periodo entre 3 meses y 5 a\u00f1os (para considerar y garantizar la posible continuidad a medio\/largo plazo de los proyectos iniciados conjuntamente)<\/li>\n<li>tambi\u00e9n a viajar dentro de su propio territorio nacional si es \u00fatil y estrat\u00e9gico para el desarrollo de la empresa social situada en el proyecto HIC SUM.<\/li>\n<li>colaborar con las congregaciones religiosas.<\/li>\n<\/ul>\n<\/li>\n<\/ul>\n<\/li>\n<\/ul>\n<p style=\"padding-left: 40px;\"><b>\u2192 <\/b><b>Lo que se pide:<\/b><\/p>\n<p style=\"padding-left: 40px;\"><span style=\"font-weight: 400;\">Para solicitar esta solicitud, para ambos cursos, la cumplimentaci\u00f3n del formulario (datos, motivaci\u00f3n, CV en el que especificar si tienes carnet de conducir, si tienes coche, cu\u00e1l es la situaci\u00f3n laboral actual&#8230;) y la <\/span><b>participaci\u00f3n en el evento de Economia de Francisco son requeridos de As\u00eds los d\u00edas 22, 23 y 24 de septiembre de 2022<\/b><span style=\"font-weight: 400;\">. Para la ruta de desarrollo de su puesta en marcha y su red adem\u00e1s de lo anterior, solicitamos un plan de negocios espec\u00edfico.<\/span><\/p>\n<p style=\"padding-left: 40px;\"><span style=\"font-weight: 400;\">Tambi\u00e9n se requieren dos cartas de referencia para fines de evaluaci\u00f3n.<\/span><\/p>\n<p style=\"padding-left: 40px;\"><b>\u2192 Fecha l\u00edmite<\/b><\/p>\n<p style=\"padding-left: 40px;\">La fecha l\u00edmite para presentar la solicitud finaliz\u00f3 el 31 de marzo de 2022. Agradecemos a todos los que ya han pedido ser parte de un proyecto Hic Sum. Igualmente seguimos recibiendo las \u00faltimas solicitudes.<\/p>\n<h4 style=\"padding-left: 40px;\"><b>\u2192 <\/b><b>La evaluaci\u00f3n<\/b><\/h4>\n<p style=\"padding-left: 40px;\"><span style=\"font-weight: 400;\">Las propuestas son evaluadas por un comit\u00e9 t\u00e9cnico-cient\u00edfico compuesto por la coordinaci\u00f3n de EoF y el personal de Spazio Spadoni.<\/span><\/p>\n<p style=\"padding-left: 40px;\"><span style=\"font-weight: 400;\">Adem\u00e1s de los requisitos enumerados anteriormente, tambi\u00e9n se evaluar\u00e1 la motivaci\u00f3n personal intr\u00ednseca vinculada a los topicos y los principios de EoF, as\u00ed como la voluntad de hacer un cambio tangible en el contexto local donde se act\u00faa con compromiso y responsabilidad.<\/span><\/p>\n<p style=\"padding-left: 40px;\"><b>\u2192 Comunicaci\u00f3n de los resultados<\/b><\/p>\n<p style=\"padding-left: 40px;\"><span style=\"font-weight: 400;\">El resultado de la evaluaci\u00f3n y la consiguiente elecci\u00f3n de las propuestas aceptadas se publicar\u00e1n en este sitio web a m\u00e1s tardar el 30 de abril de 2022.<\/span><\/p>\n<h4 style=\"padding-left: 40px;\"><b>\u2192 <\/b><b>Qu\u00e9 ofrece la aplicaci\u00f3n a las propuestas elegidas<\/b><\/h4>\n<ul>\n<li style=\"list-style-type: none;\">\n<ul>\n<li><span style=\"font-weight: 400;\">Para las empresas emergentes, Spazio Spadoni contribuye a la financiaci\u00f3n del desarrollo (con t\u00e9rminos econ\u00f3micos de apoyo en relaci\u00f3n con el valor del mercado local) y su trabajo en red entre los actores de los proyectos HIC SUM.<\/span><\/li>\n<li><span style=\"font-weight: 400;\">Para quienes apoyen y promuevan el proceso existente o la puesta en marcha de empresas sociales dentro del proyecto HIC SUM, Spazio Spadoni contribuye con la cobertura financiera de una beca \u00abHIC SUM\u00bb.<\/span><\/li>\n<li><span style=\"font-weight: 400;\">Para ambas rutas, Spazio Spadoni prev\u00e9 la cobertura de los costos de participaci\u00f3n en el evento de\u00a0 As\u00eds los d\u00edas 22, 23 y 24 de septiembre de 2022<\/span><\/li>\n<\/ul>\n<\/li>\n<\/ul>\n<p style=\"padding-left: 40px;\">Para m\u00e1s informaci\u00f3n, escribe a: <a href=\"mailto:francescoeconomy@spaziospadoni.org\" target=\"_blank\" rel=\"noopener\">francescoeconomy@<wbr \/>spaziospadoni.org<\/a><\/p>\n<\/div><div style=\"text-align:center;\"><a class=\"fusion-button button-flat button-large button-default fusion-button-default button-1 fusion-button-default-span fusion-button-default-type\" target=\"_blank\" rel=\"noopener noreferrer\"><i class=\"fa-file-alt fas awb-button__icon awb-button__icon--default button-icon-left\" aria-hidden=\"true\"><\/i><span class=\"fusion-button-text awb-button__text awb-button__text--default\">COMPLETA EL FORMULARIO<\/span><\/a><\/div><\/div><\/div><\/div><\/div>\n","protected":false},"excerpt":{"rendered":"","protected":false},"author":3,"featured_media":0,"parent":0,"menu_order":0,"comment_status":"closed","ping_status":"closed","template":"","meta":{"footnotes":""},"class_list":["post-16610","page","type-page","status-publish","hentry"],"yoast_head":"<!-- This site is optimized with the Yoast SEO plugin v27.3 - https:\/\/yoast.com\/product\/yoast-seo-wordpress\/ -->\n<title>HIC SUM grants and startup funds | The Economy of Francesco<\/title>\n<meta name=\"robots\" content=\"index, follow, max-snippet:-1, max-image-preview:large, max-video-preview:-1\" \/>\n<link rel=\"canonical\" href=\"https:\/\/francescoeconomy.org\/es\/hic-sum-grants-and-startup-funds\/\" \/>\n<meta property=\"og:locale\" content=\"es_ES\" \/>\n<meta property=\"og:type\" content=\"article\" \/>\n<meta property=\"og:title\" content=\"HIC SUM grants and startup funds | The Economy of Francesco\" \/>\n<meta property=\"og:url\" content=\"https:\/\/francescoeconomy.org\/es\/hic-sum-grants-and-startup-funds\/\" \/>\n<meta property=\"og:site_name\" content=\"The Economy of Francesco\" \/>\n<meta property=\"article:modified_time\" content=\"2022-04-02T09:53:25+00:00\" \/>\n<meta name=\"twitter:card\" content=\"summary_large_image\" \/>\n<meta name=\"twitter:label1\" content=\"Tiempo de lectura\" \/>\n\t<meta name=\"twitter:data1\" content=\"6 minutos\" \/>\n<script type=\"application\/ld+json\" class=\"yoast-schema-graph\">{\"@context\":\"https:\\\/\\\/schema.org\",\"@graph\":[{\"@type\":\"WebPage\",\"@id\":\"https:\\\/\\\/francescoeconomy.org\\\/es\\\/hic-sum-grants-and-startup-funds\\\/\",\"url\":\"https:\\\/\\\/francescoeconomy.org\\\/es\\\/hic-sum-grants-and-startup-funds\\\/\",\"name\":\"HIC SUM grants and startup funds | The Economy of Francesco\",\"isPartOf\":{\"@id\":\"https:\\\/\\\/francescoeconomy.org\\\/#website\"},\"datePublished\":\"2022-03-01T21:51:38+00:00\",\"dateModified\":\"2022-04-02T09:53:25+00:00\",\"breadcrumb\":{\"@id\":\"https:\\\/\\\/francescoeconomy.org\\\/es\\\/hic-sum-grants-and-startup-funds\\\/#breadcrumb\"},\"inLanguage\":\"es\",\"potentialAction\":[{\"@type\":\"ReadAction\",\"target\":[\"https:\\\/\\\/francescoeconomy.org\\\/es\\\/hic-sum-grants-and-startup-funds\\\/\"]}]},{\"@type\":\"BreadcrumbList\",\"@id\":\"https:\\\/\\\/francescoeconomy.org\\\/es\\\/hic-sum-grants-and-startup-funds\\\/#breadcrumb\",\"itemListElement\":[{\"@type\":\"ListItem\",\"position\":1,\"name\":\"Home\",\"item\":\"https:\\\/\\\/francescoeconomy.org\\\/es\\\/\"},{\"@type\":\"ListItem\",\"position\":2,\"name\":\"HIC SUM grants and startup funds\"}]},{\"@type\":\"WebSite\",\"@id\":\"https:\\\/\\\/francescoeconomy.org\\\/#website\",\"url\":\"https:\\\/\\\/francescoeconomy.org\\\/\",\"name\":\"The Economy of Francesco\",\"description\":\"Young people, a commitment, the future\",\"publisher\":{\"@id\":\"https:\\\/\\\/francescoeconomy.org\\\/#organization\"},\"potentialAction\":[{\"@type\":\"SearchAction\",\"target\":{\"@type\":\"EntryPoint\",\"urlTemplate\":\"https:\\\/\\\/francescoeconomy.org\\\/?s={search_term_string}\"},\"query-input\":{\"@type\":\"PropertyValueSpecification\",\"valueRequired\":true,\"valueName\":\"search_term_string\"}}],\"inLanguage\":\"es\"},{\"@type\":\"Organization\",\"@id\":\"https:\\\/\\\/francescoeconomy.org\\\/#organization\",\"name\":\"The Economy of Francesco\",\"url\":\"https:\\\/\\\/francescoeconomy.org\\\/\",\"logo\":{\"@type\":\"ImageObject\",\"inLanguage\":\"es\",\"@id\":\"https:\\\/\\\/francescoeconomy.org\\\/#\\\/schema\\\/logo\\\/image\\\/\",\"url\":\"https:\\\/\\\/francescoeconomy.org\\\/wp-content\\\/uploads\\\/2019\\\/06\\\/Logo-EoF2020-tracciato.png\",\"contentUrl\":\"https:\\\/\\\/francescoeconomy.org\\\/wp-content\\\/uploads\\\/2019\\\/06\\\/Logo-EoF2020-tracciato.png\",\"width\":513,\"height\":513,\"caption\":\"The Economy of Francesco\"},\"image\":{\"@id\":\"https:\\\/\\\/francescoeconomy.org\\\/#\\\/schema\\\/logo\\\/image\\\/\"}}]}<\/script>\n<!-- \/ Yoast SEO plugin. -->","yoast_head_json":{"title":"HIC SUM grants and startup funds | The Economy of Francesco","robots":{"index":"index","follow":"follow","max-snippet":"max-snippet:-1","max-image-preview":"max-image-preview:large","max-video-preview":"max-video-preview:-1"},"canonical":"https:\/\/francescoeconomy.org\/es\/hic-sum-grants-and-startup-funds\/","og_locale":"es_ES","og_type":"article","og_title":"HIC SUM grants and startup funds | The Economy of Francesco","og_url":"https:\/\/francescoeconomy.org\/es\/hic-sum-grants-and-startup-funds\/","og_site_name":"The Economy of Francesco","article_modified_time":"2022-04-02T09:53:25+00:00","twitter_card":"summary_large_image","twitter_misc":{"Tiempo de lectura":"6 minutos"},"schema":{"@context":"https:\/\/schema.org","@graph":[{"@type":"WebPage","@id":"https:\/\/francescoeconomy.org\/es\/hic-sum-grants-and-startup-funds\/","url":"https:\/\/francescoeconomy.org\/es\/hic-sum-grants-and-startup-funds\/","name":"HIC SUM grants and startup funds | The Economy of Francesco","isPartOf":{"@id":"https:\/\/francescoeconomy.org\/#website"},"datePublished":"2022-03-01T21:51:38+00:00","dateModified":"2022-04-02T09:53:25+00:00","breadcrumb":{"@id":"https:\/\/francescoeconomy.org\/es\/hic-sum-grants-and-startup-funds\/#breadcrumb"},"inLanguage":"es","potentialAction":[{"@type":"ReadAction","target":["https:\/\/francescoeconomy.org\/es\/hic-sum-grants-and-startup-funds\/"]}]},{"@type":"BreadcrumbList","@id":"https:\/\/francescoeconomy.org\/es\/hic-sum-grants-and-startup-funds\/#breadcrumb","itemListElement":[{"@type":"ListItem","position":1,"name":"Home","item":"https:\/\/francescoeconomy.org\/es\/"},{"@type":"ListItem","position":2,"name":"HIC SUM grants and startup funds"}]},{"@type":"WebSite","@id":"https:\/\/francescoeconomy.org\/#website","url":"https:\/\/francescoeconomy.org\/","name":"The Economy of Francesco","description":"Young people, a commitment, the future","publisher":{"@id":"https:\/\/francescoeconomy.org\/#organization"},"potentialAction":[{"@type":"SearchAction","target":{"@type":"EntryPoint","urlTemplate":"https:\/\/francescoeconomy.org\/?s={search_term_string}"},"query-input":{"@type":"PropertyValueSpecification","valueRequired":true,"valueName":"search_term_string"}}],"inLanguage":"es"},{"@type":"Organization","@id":"https:\/\/francescoeconomy.org\/#organization","name":"The Economy of Francesco","url":"https:\/\/francescoeconomy.org\/","logo":{"@type":"ImageObject","inLanguage":"es","@id":"https:\/\/francescoeconomy.org\/#\/schema\/logo\/image\/","url":"https:\/\/francescoeconomy.org\/wp-content\/uploads\/2019\/06\/Logo-EoF2020-tracciato.png","contentUrl":"https:\/\/francescoeconomy.org\/wp-content\/uploads\/2019\/06\/Logo-EoF2020-tracciato.png","width":513,"height":513,"caption":"The Economy of Francesco"},"image":{"@id":"https:\/\/francescoeconomy.org\/#\/schema\/logo\/image\/"}}]}},"_links":{"self":[{"href":"https:\/\/francescoeconomy.org\/es\/wp-json\/wp\/v2\/pages\/16610","targetHints":{"allow":["GET"]}}],"collection":[{"href":"https:\/\/francescoeconomy.org\/es\/wp-json\/wp\/v2\/pages"}],"about":[{"href":"https:\/\/francescoeconomy.org\/es\/wp-json\/wp\/v2\/types\/page"}],"author":[{"embeddable":true,"href":"https:\/\/francescoeconomy.org\/es\/wp-json\/wp\/v2\/users\/3"}],"replies":[{"embeddable":true,"href":"https:\/\/francescoeconomy.org\/es\/wp-json\/wp\/v2\/comments?post=16610"}],"version-history":[{"count":0,"href":"https:\/\/francescoeconomy.org\/es\/wp-json\/wp\/v2\/pages\/16610\/revisions"}],"wp:attachment":[{"href":"https:\/\/francescoeconomy.org\/es\/wp-json\/wp\/v2\/media?parent=16610"}],"curies":[{"name":"wp","href":"https:\/\/api.w.org\/{rel}","templated":true}]}}