{"id":14,"date":"2019-05-31T10:47:17","date_gmt":"2019-05-31T08:47:17","guid":{"rendered":"https:\/\/francescoeconomy.org\/privacy-policy\/"},"modified":"2025-02-13T11:35:57","modified_gmt":"2025-02-13T10:35:57","slug":"privacy-policy","status":"publish","type":"page","link":"https:\/\/francescoeconomy.org\/it\/privacy-policy\/","title":{"rendered":"Privacy Policy"},"content":{"rendered":"<div class=\"fusion-fullwidth fullwidth-box fusion-builder-row-1 fusion-flex-container nonhundred-percent-fullwidth non-hundred-percent-height-scrolling\" style=\"--awb-border-radius-top-left:0px;--awb-border-radius-top-right:0px;--awb-border-radius-bottom-right:0px;--awb-border-radius-bottom-left:0px;--awb-flex-wrap:wrap;\" ><div class=\"fusion-builder-row fusion-row fusion-flex-align-items-flex-start fusion-flex-content-wrap\" style=\"max-width:1248px;margin-left: calc(-4% \/ 2 );margin-right: calc(-4% \/ 2 );\"><div class=\"fusion-layout-column fusion_builder_column fusion-builder-column-0 fusion_builder_column_1_1 1_1 fusion-flex-column\" style=\"--awb-bg-size:cover;--awb-width-large:100%;--awb-margin-top-large:0px;--awb-spacing-right-large:1.92%;--awb-margin-bottom-large:0px;--awb-spacing-left-large:1.92%;--awb-width-medium:100%;--awb-spacing-right-medium:1.92%;--awb-spacing-left-medium:1.92%;--awb-width-small:100%;--awb-spacing-right-small:1.92%;--awb-spacing-left-small:1.92%;\"><div class=\"fusion-column-wrapper fusion-flex-justify-content-flex-start fusion-content-layout-column\"><div class=\"fusion-text fusion-text-1\"><h2>Informativa sul trattamento dei dati personali<\/h2>\n<p>In questa pagina si descrivono le modalit\u00e0 di gestione del sito <a href=\"https:\/\/francescoeconomy.org\">www.francescoeconomy.org<\/a> in riferimento al trattamento dei dati personali degli utenti che lo consultano. Si tratta di un\u2019informativa che \u00e8 resa in conformit\u00e0 alla vigente normativa in materia dei dati personali per gli utenti che interagiscono con i servizi del presente sito nel quadro del Regolamento Ue 2016\/679. L\u2019informativa \u00e8 resa solo per il presente sito e non anche per altri siti web eventualmente consultati dall\u2019utente tramite i nostri link.<\/p>\n<h3>Il \u201ctitolare\u201d del trattamento<\/h3>\n<p>A seguito della consultazione del sito possono essere trattati dati relativi a persone identificate o identificabili. Il \u201ctitolare\u201d del loro trattamento \u00e8 <strong>Fondazione The Economy of Francesco<\/strong>, Piazza Vescovado 3, 06081 Assisi (PG).<\/p>\n<h3>Luogo di trattamento dei dati<\/h3>\n<p>I trattamenti connessi ai servizi web sono curati solo da personale tecnico dell\u2019Ufficio incaricato del trattamento, oppure da eventuali incaricati di occasionali operazioni di manutenzione nominate responsabili del trattamento. Nessun dato derivante dal servizio web viene comunicato o diffuso. \u200b<\/p>\n<h3>Finalit\u00e0 del trattamento<\/h3>\n<p>I dati personali forniti dagli utenti che inoltrano richieste o intendono utilizzare servizi o prodotti offerti tramite il sito nonch\u00e9 ricevere ulteriori specifici contenuti, sono utilizzati al solo fine di dare riscontro alle richieste o eseguire il servizio o la prestazione richiesta e sono comunicati a terzi nel solo caso in cui ci\u00f2 sia a tal fine necessario. Si precisa che tali dati saranno sottoposti anche a profilazione per poter far fronte alle richieste inoltrate e che tale profilazione richiede l\u2019intervento umano e non comporta decisioni esclusivamente automatizzate. Base giuridica di questi trattamenti \u00e8 la necessit\u00e0 di dare riscontro alle richieste degli interessati o eseguire attivit\u00e0 previste dagli accordi definiti con gli interessati. \u200b Con il consenso liberamente espresso dall\u2019utente \u2013 anche relativo alla profilazione -, i dati potranno essere usati per attivit\u00e0 di comunicazione commerciale relativi ad offerte di prodotti o servizi ulteriori del titolare. Al di fuori di queste ipotesi i dati di navigazione degli utenti vengono conservati per il tempo strettamente necessario alla gestione delle attivit\u00e0 di trattamento nei limiti previsti dalla legge. \u200b<\/p>\n<h3>Tipi di dati trattati \u200b<\/h3>\n<ul>\n<li><strong>Dati di navigazione<\/strong><br \/>\nI sistemi informatici e le procedure software preposte al funzionamento del sito acquisiscono, nel corso del loro normale esercizio, alcuni dati personali la cui trasmissione \u00e8 implicita nell\u2019uso dei protocolli di comunicazione di Internet. Si tratta di informazioni che non sono raccolte per essere associate a interessati identificati, ma che per loro stessa natura potrebbero, attraverso elaborazioni ed associazioni con dati detenuti da terzi, permettere di identificare gli utenti. In questa categoria di dati rientrano gli indirizzi IP o i nomi a dominio dei computer utilizzati dagli utenti che si connettono al sito, gli indirizzi in notazione URI (Uniform Resource Identifier) delle risorse richieste, l\u2019orario della richiesta, il metodo utilizzato nel sottoporre la richiesta al server, la dimensione del file ottenuto in risposta, il codice numerico indicante lo stato della risposta data dal server (buon fine, errore, ecc.) ed altri parametri relativi al sistema operativo e all\u2019ambiente informatico dell\u2019utente. Questi dati vengono utilizzati al solo fine di ricavare informazioni statistiche anonime sull\u2019uso del sito e per controllarne il corretto funzionamento e vengono cancellati dopo l\u2019elaborazione. I dati potrebbero essere utilizzati per l\u2019accertamento di responsabilit\u00e0 in caso di ipotetici reati informatici ai danni del sito. \u200b<\/li>\n<li><strong>Dati forniti volontariamente dall\u2019utente<\/strong><br \/>\nL\u2019invio facoltativo, esplicito e volontario di posta elettronica agli indirizzi indicati sul sito comporta la successiva acquisizione dell\u2019indirizzo del mittente, necessario per rispondere alle richieste, nonch\u00e9 degli eventuali altri dati personali inseriti nella missiva. Specifiche informative di sintesi verranno progressivamente riportate o visualizzate nelle pagine del sito predisposte per particolari servizi a richiesta. \u200b<\/li>\n<\/ul>\n<h3>Cookies<\/h3>\n<p>Per cookies si intende un elemento testuale che viene inserito nel disco fisso di un computer solo in seguito ad autorizzazione. I cookies hanno la funzione di snellire l\u2019analisi del traffico su web o di segnalare quando un sito specifico viene visitato e consentono alle applicazioni web di inviare informazioni a singoli utenti. Nessun dato personale degli utenti viene in proposito acquisito dal sito. Non viene fatto uso di cookies per la trasmissione di informazioni di carattere personale, n\u00e9 vengono utilizzati c.d. cookies persistenti di alcun tipo, ovvero sistemi per il tracciamento degli utenti. L\u2019uso di c.d. cookies di sessione \u00e8 strettamente limitato alla trasmissione di identificativi di sessione (costituiti da numeri casuali generati dal server) necessari per consentire l\u2019esplorazione sicura ed efficiente del sito. I c.d. cookies di sessione utilizzati nel sito evitano il ricorso ad altre tecniche informatiche potenzialmente pregiudizievoli per la riservatezza della navigazione degli utenti e non consentono l\u2019acquisizione di dati personali identificativi dell\u2019utente.<\/p>\n<p>Il sito utilizza, a fini statistici e per migliorare la comunicazione e i servizi, Google Analytics, un servizio di analisi del traffico \u00a0web fornito da Google, Inc., che impiega i cookie per analizzare i comportamenti di utilizzo del sito. Per maggiori informazioni sulla policy privacy di Google Analytics: <a href=\"http:\/\/www.google.com\/analytics\/terms\/it.html\" target=\"_blank\" rel=\"noopener\">www.google.com\/analytics\/terms\/it.html<\/a>; <a href=\"http:\/\/www.google.it\/policies\/privacy\/partners\/\" target=\"_blank\" rel=\"noopener\">www.google.it\/policies\/privacy\/partners\/<\/a>.<\/p>\n<h3>Facoltativit\u00e0 del conferimento dei dati<\/h3>\n<p>A parte quanto specificato per i dati di navigazione, l\u2019utente \u00e8 libero di fornire i dati personali per richiedere i servizi offerti dal Titolare. Il loro mancato conferimento e\/o il mancato consenso al trattamento &#8211; compreso la profilazione &#8211; pu\u00f2 comportare l\u2019impossibilit\u00e0 di ottenere quanto richiesto.<\/p>\n<p><strong>Modalit\u00e0 del trattamento e tempi di conservazione dei dati <\/strong><\/p>\n<p>I dati personali sono trattati con strumenti automatizzati per il tempo strettamente necessario a conseguire gli scopi per cui sono stati raccolti. Specifiche misure di sicurezza sono osservate per prevenire la perdita dei dati, usi illeciti o non corretti ed accessi non autorizzati. I dati sono conservati per il tempo strettamente necessario per il perseguimento delle finalit\u00e0 indicate nella presente informativa e saranno cancellati al termine di tale periodo, salvo che i dati stessi debbano essere conservati per obblighi di legge o per far valere un diritto in sede giudiziaria. \u200b<\/p>\n<h3>Diritti degli interessati<\/h3>\n<p>Nei limiti e alle condizioni previste dalla legge, il titolare ha l\u2019obbligo di rispondere alle richieste dell\u2019interessato in merito ai dati personali che lo riguardano. In particolare, in base alla vigente normativa: Regolamento Ue 2016\/679 dall\u2019art. 13 all\u2019art. 20:<\/p>\n<ol>\n<li>L\u2019interessato ha il diritto di ottenere dal titolare del trattamento la conferma che sia o meno in corso un trattamento di dati personali che lo riguardano e in tal caso, di ottenere l\u2019accesso ai dati personali e alle seguenti informazioni:\n<ul style=\"list-style-type: disc;\">\n<li>le finalit\u00e0 del trattamento;<\/li>\n<li>le categorie di dati personali in questione;<\/li>\n<li>i destinatari o le categorie di destinatari a cui i dati personali sono stati o saranno comunicati, in particolare se destinatari di paesi terzi o organizzazioni internazionali;<\/li>\n<li>quando possibile, il periodo di conservazione dei dati personali previsto oppure, se non \u00e8 possibile, i criteri utilizzati per determinare tale periodo;<\/li>\n<li>l\u2019esistenza del diritto dell\u2019interessato di chiedere al titolare del trattamento la rettifica o la cancellazione dei dati personali o la limitazione del trattamento dei dati personali che lo riguardano o di opporsi al loro trattamento;<\/li>\n<li>il diritto di proporre reclamo a un\u2019autorit\u00e0 di controllo;<\/li>\n<li>qualora i dati non siano raccolti presso l\u2019interessato, tutte le informazioni disponibili sulla loro origine;<\/li>\n<li>l\u2019esistenza di un processo decisionale automatizzato, compresa la profilazione.<\/li>\n<\/ul>\n<\/li>\n<li>L\u2019interessato ha il diritto di ottenere dal titolare del trattamento la rettifica dei dati personali inesatti che lo riguardano senza ingiustificato ritardo. Tenuto conto delle finalit\u00e0 del trattamento, l\u2019interessato ha il diritto di ottenere l\u2019integrazione dei dati personali incompleti, anche fornendo una dichiarazione integrativa.<\/li>\n<li>L\u2019interessato ha il diritto di ottenere dal titolare del trattamento la cancellazione dei dati personali che lo riguardano (diritto all\u2019oblio) senza ingiustificato ritardo e il titolare del trattamento ha l\u2019obbligo di cancellare senza ingiustificato ritardo i dati personali nei limiti e nei casi previsti dalla vigente normativa. Il titolare del trattamento comunica a ciascuno dei destinatari cui sono stati trasmessi i dati personali le eventuali rettifiche o cancellazioni o limitazioni del trattamento nei limiti e nelle forme previste dalla vigente normativa.<\/li>\n<li>L\u2019interessato ha il diritto di ottenere dal titolare del trattamento la limitazione del trattamento.<\/li>\n<li>L\u2019interessato ha il diritto di ricevere in un formato strutturato, di uso comune e leggibile da dispositivo automatico i dati personali che lo riguardano forniti a un titolare del trattamento e ha il diritto di trasmettere tali dati a un altro titolare del trattamento senza impedimenti da parte del titolare del trattamento cui li ha forniti.<\/li>\n<\/ol>\n<p>Per esercitare i diritti sopra elencati, l\u2019interessato dovr\u00e0 presentare richiesta utilizzando i seguenti punti di contatto tramite i quali pu\u00f2 essere contattato anche il Responsabile della protezione dei dati <a href=\"mailto:info@francescoeconomy.org\">info@francescoeconomy.org<\/a>. \u200b<\/p>\n<p>Le richieste vanno rivolte al Titolare al seguente indirizzo <strong>Fondazione The Economy of Francesco<\/strong>, Piazza Vescovado 3, 06081 Assisi (PG), cui pu\u00f2 essere contattato il responsabile della protezione dei dati eventualmente designato dal Titolare. \u200b<\/p>\n<p><strong>La presente versione dell\u2019informativa sul trattamento dei dati personali \u00e8 stata aggiornata il giorno 13\/02\/2025.<\/strong><\/p>\n<\/div><\/div><\/div><\/div><\/div>\n","protected":false},"excerpt":{"rendered":"","protected":false},"author":1,"featured_media":0,"parent":0,"menu_order":0,"comment_status":"closed","ping_status":"closed","template":"","meta":{"footnotes":""},"class_list":["post-14","page","type-page","status-publish","hentry"],"yoast_head":"<!-- This site is optimized with the Yoast SEO plugin v27.3 - https:\/\/yoast.com\/product\/yoast-seo-wordpress\/ -->\n<title>Privacy Policy | The Economy of Francesco<\/title>\n<meta name=\"robots\" content=\"index, follow, max-snippet:-1, max-image-preview:large, max-video-preview:-1\" \/>\n<link rel=\"canonical\" href=\"https:\/\/francescoeconomy.org\/it\/privacy-policy\/\" \/>\n<meta property=\"og:locale\" content=\"it_IT\" \/>\n<meta property=\"og:type\" content=\"article\" \/>\n<meta property=\"og:title\" content=\"Privacy Policy | The Economy of Francesco\" \/>\n<meta property=\"og:url\" content=\"https:\/\/francescoeconomy.org\/it\/privacy-policy\/\" \/>\n<meta property=\"og:site_name\" content=\"The Economy of Francesco\" \/>\n<meta property=\"article:modified_time\" content=\"2025-02-13T10:35:57+00:00\" \/>\n<meta name=\"twitter:card\" content=\"summary_large_image\" \/>\n<meta name=\"twitter:label1\" content=\"Tempo di lettura stimato\" \/>\n\t<meta name=\"twitter:data1\" content=\"8 minuti\" \/>\n<script type=\"application\/ld+json\" class=\"yoast-schema-graph\">{\"@context\":\"https:\\\/\\\/schema.org\",\"@graph\":[{\"@type\":\"WebPage\",\"@id\":\"https:\\\/\\\/francescoeconomy.org\\\/it\\\/privacy-policy\\\/\",\"url\":\"https:\\\/\\\/francescoeconomy.org\\\/it\\\/privacy-policy\\\/\",\"name\":\"Privacy Policy | The Economy of Francesco\",\"isPartOf\":{\"@id\":\"https:\\\/\\\/francescoeconomy.org\\\/#website\"},\"datePublished\":\"2019-05-31T08:47:17+00:00\",\"dateModified\":\"2025-02-13T10:35:57+00:00\",\"breadcrumb\":{\"@id\":\"https:\\\/\\\/francescoeconomy.org\\\/it\\\/privacy-policy\\\/#breadcrumb\"},\"inLanguage\":\"it-IT\",\"potentialAction\":[{\"@type\":\"ReadAction\",\"target\":[\"https:\\\/\\\/francescoeconomy.org\\\/it\\\/privacy-policy\\\/\"]}]},{\"@type\":\"BreadcrumbList\",\"@id\":\"https:\\\/\\\/francescoeconomy.org\\\/it\\\/privacy-policy\\\/#breadcrumb\",\"itemListElement\":[{\"@type\":\"ListItem\",\"position\":1,\"name\":\"Home\",\"item\":\"https:\\\/\\\/francescoeconomy.org\\\/it\\\/\"},{\"@type\":\"ListItem\",\"position\":2,\"name\":\"Privacy Policy\"}]},{\"@type\":\"WebSite\",\"@id\":\"https:\\\/\\\/francescoeconomy.org\\\/#website\",\"url\":\"https:\\\/\\\/francescoeconomy.org\\\/\",\"name\":\"The Economy of Francesco\",\"description\":\"Young people, a commitment, the future\",\"publisher\":{\"@id\":\"https:\\\/\\\/francescoeconomy.org\\\/#organization\"},\"potentialAction\":[{\"@type\":\"SearchAction\",\"target\":{\"@type\":\"EntryPoint\",\"urlTemplate\":\"https:\\\/\\\/francescoeconomy.org\\\/?s={search_term_string}\"},\"query-input\":{\"@type\":\"PropertyValueSpecification\",\"valueRequired\":true,\"valueName\":\"search_term_string\"}}],\"inLanguage\":\"it-IT\"},{\"@type\":\"Organization\",\"@id\":\"https:\\\/\\\/francescoeconomy.org\\\/#organization\",\"name\":\"The Economy of Francesco\",\"url\":\"https:\\\/\\\/francescoeconomy.org\\\/\",\"logo\":{\"@type\":\"ImageObject\",\"inLanguage\":\"it-IT\",\"@id\":\"https:\\\/\\\/francescoeconomy.org\\\/#\\\/schema\\\/logo\\\/image\\\/\",\"url\":\"https:\\\/\\\/francescoeconomy.org\\\/wp-content\\\/uploads\\\/2019\\\/06\\\/Logo-EoF2020-tracciato.png\",\"contentUrl\":\"https:\\\/\\\/francescoeconomy.org\\\/wp-content\\\/uploads\\\/2019\\\/06\\\/Logo-EoF2020-tracciato.png\",\"width\":513,\"height\":513,\"caption\":\"The Economy of Francesco\"},\"image\":{\"@id\":\"https:\\\/\\\/francescoeconomy.org\\\/#\\\/schema\\\/logo\\\/image\\\/\"}}]}<\/script>\n<!-- \/ Yoast SEO plugin. -->","yoast_head_json":{"title":"Privacy Policy | The Economy of Francesco","robots":{"index":"index","follow":"follow","max-snippet":"max-snippet:-1","max-image-preview":"max-image-preview:large","max-video-preview":"max-video-preview:-1"},"canonical":"https:\/\/francescoeconomy.org\/it\/privacy-policy\/","og_locale":"it_IT","og_type":"article","og_title":"Privacy Policy | The Economy of Francesco","og_url":"https:\/\/francescoeconomy.org\/it\/privacy-policy\/","og_site_name":"The Economy of Francesco","article_modified_time":"2025-02-13T10:35:57+00:00","twitter_card":"summary_large_image","twitter_misc":{"Tempo di lettura stimato":"8 minuti"},"schema":{"@context":"https:\/\/schema.org","@graph":[{"@type":"WebPage","@id":"https:\/\/francescoeconomy.org\/it\/privacy-policy\/","url":"https:\/\/francescoeconomy.org\/it\/privacy-policy\/","name":"Privacy Policy | The Economy of Francesco","isPartOf":{"@id":"https:\/\/francescoeconomy.org\/#website"},"datePublished":"2019-05-31T08:47:17+00:00","dateModified":"2025-02-13T10:35:57+00:00","breadcrumb":{"@id":"https:\/\/francescoeconomy.org\/it\/privacy-policy\/#breadcrumb"},"inLanguage":"it-IT","potentialAction":[{"@type":"ReadAction","target":["https:\/\/francescoeconomy.org\/it\/privacy-policy\/"]}]},{"@type":"BreadcrumbList","@id":"https:\/\/francescoeconomy.org\/it\/privacy-policy\/#breadcrumb","itemListElement":[{"@type":"ListItem","position":1,"name":"Home","item":"https:\/\/francescoeconomy.org\/it\/"},{"@type":"ListItem","position":2,"name":"Privacy Policy"}]},{"@type":"WebSite","@id":"https:\/\/francescoeconomy.org\/#website","url":"https:\/\/francescoeconomy.org\/","name":"The Economy of Francesco","description":"Young people, a commitment, the future","publisher":{"@id":"https:\/\/francescoeconomy.org\/#organization"},"potentialAction":[{"@type":"SearchAction","target":{"@type":"EntryPoint","urlTemplate":"https:\/\/francescoeconomy.org\/?s={search_term_string}"},"query-input":{"@type":"PropertyValueSpecification","valueRequired":true,"valueName":"search_term_string"}}],"inLanguage":"it-IT"},{"@type":"Organization","@id":"https:\/\/francescoeconomy.org\/#organization","name":"The Economy of Francesco","url":"https:\/\/francescoeconomy.org\/","logo":{"@type":"ImageObject","inLanguage":"it-IT","@id":"https:\/\/francescoeconomy.org\/#\/schema\/logo\/image\/","url":"https:\/\/francescoeconomy.org\/wp-content\/uploads\/2019\/06\/Logo-EoF2020-tracciato.png","contentUrl":"https:\/\/francescoeconomy.org\/wp-content\/uploads\/2019\/06\/Logo-EoF2020-tracciato.png","width":513,"height":513,"caption":"The Economy of Francesco"},"image":{"@id":"https:\/\/francescoeconomy.org\/#\/schema\/logo\/image\/"}}]}},"_links":{"self":[{"href":"https:\/\/francescoeconomy.org\/it\/wp-json\/wp\/v2\/pages\/14","targetHints":{"allow":["GET"]}}],"collection":[{"href":"https:\/\/francescoeconomy.org\/it\/wp-json\/wp\/v2\/pages"}],"about":[{"href":"https:\/\/francescoeconomy.org\/it\/wp-json\/wp\/v2\/types\/page"}],"author":[{"embeddable":true,"href":"https:\/\/francescoeconomy.org\/it\/wp-json\/wp\/v2\/users\/1"}],"replies":[{"embeddable":true,"href":"https:\/\/francescoeconomy.org\/it\/wp-json\/wp\/v2\/comments?post=14"}],"version-history":[{"count":0,"href":"https:\/\/francescoeconomy.org\/it\/wp-json\/wp\/v2\/pages\/14\/revisions"}],"wp:attachment":[{"href":"https:\/\/francescoeconomy.org\/it\/wp-json\/wp\/v2\/media?parent=14"}],"curies":[{"name":"wp","href":"https:\/\/api.w.org\/{rel}","templated":true}]}}