{"id":16609,"date":"2022-03-01T22:51:38","date_gmt":"2022-03-01T21:51:38","guid":{"rendered":"https:\/\/francescoeconomy.org\/hic-sum-grants-and-startup-funds\/"},"modified":"2022-04-01T19:15:23","modified_gmt":"2022-04-01T17:15:23","slug":"hic-sum-grants-and-startup-funds","status":"publish","type":"page","link":"https:\/\/francescoeconomy.org\/it\/hic-sum-grants-and-startup-funds\/","title":{"rendered":"HIC SUM grants and startup funds"},"content":{"rendered":"<div class=\"fusion-fullwidth fullwidth-box fusion-builder-row-1 fusion-flex-container nonhundred-percent-fullwidth non-hundred-percent-height-scrolling\" style=\"--awb-border-radius-top-left:0px;--awb-border-radius-top-right:0px;--awb-border-radius-bottom-right:0px;--awb-border-radius-bottom-left:0px;--awb-background-color:#ffffff;--awb-flex-wrap:wrap;\" ><div class=\"fusion-builder-row fusion-row fusion-flex-align-items-flex-start fusion-flex-content-wrap\" style=\"max-width:1248px;margin-left: calc(-4% \/ 2 );margin-right: calc(-4% \/ 2 );\"><div class=\"fusion-layout-column fusion_builder_column fusion-builder-column-0 fusion_builder_column_1_1 1_1 fusion-flex-column\" style=\"--awb-bg-size:cover;--awb-width-large:100%;--awb-margin-top-large:0px;--awb-spacing-right-large:1.92%;--awb-margin-bottom-large:20px;--awb-spacing-left-large:1.92%;--awb-width-medium:100%;--awb-order-medium:0;--awb-spacing-right-medium:1.92%;--awb-spacing-left-medium:1.92%;--awb-width-small:100%;--awb-order-small:0;--awb-spacing-right-small:1.92%;--awb-spacing-left-small:1.92%;\"><div class=\"fusion-column-wrapper fusion-column-has-shadow fusion-flex-justify-content-flex-start fusion-content-layout-column\"><div class=\"fusion-image-element \" style=\"text-align:center;--awb-caption-title-font-family:var(--h2_typography-font-family);--awb-caption-title-font-weight:var(--h2_typography-font-weight);--awb-caption-title-font-style:var(--h2_typography-font-style);--awb-caption-title-size:var(--h2_typography-font-size);--awb-caption-title-transform:var(--h2_typography-text-transform);--awb-caption-title-line-height:var(--h2_typography-line-height);--awb-caption-title-letter-spacing:var(--h2_typography-letter-spacing);\"><span class=\" fusion-imageframe imageframe-none imageframe-1 hover-type-none\"><img decoding=\"async\" width=\"3240\" height=\"1080\" title=\"EOF BANNER (1)\" src=\"https:\/\/francescoeconomy.org\/wp-content\/uploads\/2022\/03\/EOF-BANNER-1.png\" data-orig-src=\"https:\/\/francescoeconomy.org\/wp-content\/uploads\/2022\/03\/EOF-BANNER-1.png\" alt class=\"lazyload img-responsive wp-image-16566\" srcset=\"data:image\/svg+xml,%3Csvg%20xmlns%3D%27http%3A%2F%2Fwww.w3.org%2F2000%2Fsvg%27%20width%3D%273240%27%20height%3D%271080%27%20viewBox%3D%270%200%203240%201080%27%3E%3Crect%20width%3D%273240%27%20height%3D%271080%27%20fill-opacity%3D%220%22%2F%3E%3C%2Fsvg%3E\" data-srcset=\"https:\/\/francescoeconomy.org\/wp-content\/uploads\/2022\/03\/EOF-BANNER-1-200x67.png 200w, https:\/\/francescoeconomy.org\/wp-content\/uploads\/2022\/03\/EOF-BANNER-1-400x133.png 400w, https:\/\/francescoeconomy.org\/wp-content\/uploads\/2022\/03\/EOF-BANNER-1-600x200.png 600w, https:\/\/francescoeconomy.org\/wp-content\/uploads\/2022\/03\/EOF-BANNER-1-800x267.png 800w, https:\/\/francescoeconomy.org\/wp-content\/uploads\/2022\/03\/EOF-BANNER-1-1200x400.png 1200w, https:\/\/francescoeconomy.org\/wp-content\/uploads\/2022\/03\/EOF-BANNER-1.png 3240w\" data-sizes=\"auto\" data-orig-sizes=\"(max-width: 720px) 100vw, (max-width: 640px) 100vw, 1200px\" \/><\/span><\/div><\/div><\/div><div class=\"fusion-layout-column fusion_builder_column fusion-builder-column-1 fusion_builder_column_1_1 1_1 fusion-flex-column\" style=\"--awb-padding-right:20px;--awb-padding-right-small:30px;--awb-bg-size:cover;--awb-width-large:100%;--awb-margin-top-large:0px;--awb-spacing-right-large:1.92%;--awb-margin-bottom-large:20px;--awb-spacing-left-large:1.92%;--awb-width-medium:100%;--awb-order-medium:0;--awb-spacing-right-medium:1.92%;--awb-spacing-left-medium:1.92%;--awb-width-small:100%;--awb-order-small:0;--awb-spacing-right-small:1.92%;--awb-spacing-left-small:1.92%;\"><div class=\"fusion-column-wrapper fusion-column-has-shadow fusion-flex-justify-content-flex-start fusion-content-layout-column\"><div class=\"fusion-text fusion-text-1\" style=\"--awb-content-alignment:left;\"><h4><span style=\"color: #ffffff;\">Grant<\/span><\/h4>\n<h4 style=\"padding-left: 40px;\"><b>\u2192 Obiettivo<\/b><\/h4>\n<p style=\"padding-left: 40px;\"><b>HIC SUM grants and startup funds<\/b><span style=\"font-weight: 400;\"> ha come finalit\u00e0 quella di supportare i giovani che si riconoscono nell&#8217;Economia di Francesco nel collaborare a costruire o sviluppare impresa sociale in Africa, Sud America, Asia in rapporto con Congregazioni Religiose missionarie femminili nell\u2019ambito del progetto HIC SUM di Spazio Spadoni.<\/span><\/p>\n<h4 style=\"padding-left: 40px;\"><b>\u2192 <\/b><b>Promotori<\/b><\/h4>\n<p style=\"padding-left: 40px;\"><span style=\"font-weight: 400;\">L&#8217;application \u00e8 promossa da Spazio Spadoni, un progetto che nasce per favorire percorsi generativi di missione e misericordia. \u00c8 uno spazio di pensiero e spiritualit\u00e0 che diventa proposta concreta coniugando la realt\u00e0 e lo spirito di misericordia con l\u2019urgenza della missione.\u00a0<\/span><\/p>\n<p style=\"padding-left: 40px;\"><span style=\"font-weight: 400;\">\u00c8 un luogo di incontro tra esperienze di volontariato e di impegno sociale in Italia e Congregazioni Religiose missionarie femminili presenti nel Sud del Mondo in particolare Africa, Asia, Sud America.<\/span><\/p>\n<h4 style=\"padding-left: 40px;\"><b>\u2192 <\/b><b>Il progetto in cui si inserisce l&#8217;application<\/b><\/h4>\n<p style=\"padding-left: 40px;\"><span style=\"font-weight: 400;\">L&#8217;application riguarda la possibilit\u00e0 per i giovani che si <\/span><b>riconoscono nell&#8217;Economia di Francesco<\/b><span style=\"font-weight: 400;\"> di dare un contributo fattivo alla realizzazione dei progetti HIC SUM gi\u00e0 attivi nel mondo. HIC SUM, termine latino che significa \u201cEccomi\u201d \u00e8 un progetto missionario che prevede la formazione di una suora all\u2019interno di un\u2019Associazione di volontariato italiana per circa 6 mesi. Al termine di questo periodo, la suora promuover\u00e0 nella propria terra un\u2019esperienza di volontariato volta all\u2019espressione di almeno una delle 14 Opere di Misericordia e attiver\u00e0 una piccola <\/span><b>Impresa Sociale (denominata Pane di Misericordia)<\/b><span style=\"font-weight: 400;\"> per la produzione di generi alimentari (es. pane, cioccolato, riso, etc.) o di prodotti\u00a0 (es. sapone, etc.) che possano in parte vendere per garantire alla comunit\u00e0 religiosa l\u2019autosostentamento, ed in parte destinare gratuitamente a chi si trova in forte stato di indigenza e vulnerabilit\u00e0. Tra la comunit\u00e0 religiosa della suora e l\u2019Associazione di volontariato, si genera un gemellaggio e un rapporto di reciprocit\u00e0 che prevede anche lo scambio di volontari.<\/span><\/p>\n<h4 style=\"padding-left: 40px;\"><b>\u2192 <\/b><b>Le 2 azioni dell&#8217;application<\/b><\/h4>\n<p style=\"padding-left: 40px;\"><span style=\"font-weight: 400;\">Sono aperti due possibili percorsi di partecipazione:<\/span><\/p>\n<ol>\n<li style=\"list-style-type: none;\">\n<ol>\n<li><span style=\"font-weight: 400;\"> sviluppo della propria start up e la sua messa in rete tra gli attori dei progetti HIC SUM<\/span><\/li>\n<li><span style=\"font-weight: 400;\"> affiancamento ad un processo esistente e\/o in avvio di impresa sociale sempre nell\u2019ambito del progetto HIC SUM.<\/span><\/li>\n<\/ol>\n<\/li>\n<\/ol>\n<p style=\"padding-left: 40px;\"><span style=\"font-weight: 400;\">La candidatura pu\u00f2 essere per una delle due possibilit\u00e0 o per entrambe.<\/span><\/p>\n<h4 style=\"padding-left: 40px;\"><b>\u2192 <\/b><b>A chi \u00e8 rivolto?<\/b><\/h4>\n<ol>\n<li style=\"list-style-type: none;\">\n<ol>\n<li><b>Per lo sviluppo della propria startup e la sua messa in rete cerchiamo<\/b><\/li>\n<\/ol>\n<\/li>\n<\/ol>\n<ol>\n<li style=\"list-style-type: none;\">\n<ul>\n<li><b><\/b><span style=\"font-weight: 400;\">giovani donne e giovani uomini di et\u00e0 inferiore o uguale a 35 anni\u00a0<\/span><\/li>\n<li><span style=\"font-weight: 400;\">giovani che abitano (o che siano provenienti e eventualmente disponibili a tornare) nei seguenti paesi: Brasile, Burkina Faso, Burundi, Costa D\u2019Avorio, Filippine, Ghana, India, Kenya, Malawi, Mali, Messico, Nigeria, Per\u00f9, Repubblica Democratica del Congo, Rwanda Siria, Tanzania, Togo, Uganda, Zambia, o altri paesi da valutare.<\/span><\/li>\n<li><span style=\"font-weight: 400;\">giovani disposti anche a viaggiare all&#8217;interno del proprio territorio nazionale se utile e strategico per lo sviluppo del progetto e della sua messa in rete.<\/span><\/li>\n<li><span style=\"font-weight: 400;\">giovani disposti a collaborare con Congregazioni Religiose<\/span><\/li>\n<\/ul>\n<\/li>\n<\/ol>\n<p style=\"padding-left: 40px;\"><b>2. Per l&#8217;affiancamento in un processo esistente o in avvio di impresa sociale cerchiamo<\/b><\/p>\n<ul>\n<li style=\"list-style-type: none;\">\n<ul>\n<li>giovani con esperienza e competenze in ambiti quali agricoltura\/filiera alimentare\/formazione\/artigianato<\/li>\n<li><span style=\"font-weight: 400;\">giovani con una et\u00e0 inferiore o uguale a 35 anni<\/span><\/li>\n<li>giovani che abitano (o che siano provenienti e eventualmente disponibili a tornare) nei seguenti paesi: Brasile, Burkina Faso, Burundi, Costa D\u2019Avorio, Filippine, Ghana, India, Kenya, Malawi, Mali, Messico, Nigeria, Per\u00f9, Repubblica Democratica del Congo, Rwanda Siria, Tanzania, Togo, Uganda, Zambia, o altri paesi da valutare.<\/li>\n<li>giovani disposti a:\n<ul>\n<li>operare in forte relazione con una esperienza specifica quale quella del progetto HIC SUM e motivati a collaborare con gli attori del progetto stesso.<\/li>\n<li>sviluppare l&#8217;affiancamento per un tempo compreso fra 3 mesi e 5 anni (per considerare e garantire possibile continuit\u00e0 nel medio\/lungo termine dei progetti avviati insieme).<\/li>\n<li>anche a viaggiare all&#8217;interno del proprio territorio nazionale se utile e strategico per lo sviluppo dell\u2019Impresa Sociale collocata nel progetto HIC SUM.<\/li>\n<li>a collaborare con Congregazioni Religiose.<\/li>\n<\/ul>\n<\/li>\n<\/ul>\n<\/li>\n<\/ul>\n<h4 style=\"padding-left: 40px;\"><b>\u2192 <\/b><b>Cosa chiediamo<\/b><\/h4>\n<p style=\"padding-left: 40px;\"><span style=\"font-weight: 400;\">Per la candidatura alla presente application si richiede per entrambi i percorsi la compilazione del form (dati, motivazione, CV in cui specificare se munito di patente, se automunito, qual \u00e8 l\u2019attuale stato occupazionale&#8230;) e <\/span><b>la partecipazione all\u2019evento di Assisi nei giorni 22, 23 e 24 settembre 2022.<\/b><span style=\"font-weight: 400;\"> Per il percorso dello sviluppo della propria start up e la sua messa in rete oltre a quanto sopra, chiediamo uno specifico business plan.<\/span><\/p>\n<p style=\"padding-left: 40px;\"><span style=\"font-weight: 400;\">Sono richieste ai fini della valutazione anche due lettere di referenze.<\/span><\/p>\n<h4 style=\"padding-left: 40px;\"><b>\u2192 <\/b><b>Scadenza<\/b><\/h4>\n<p style=\"padding-left: 40px;\"><span style=\"font-weight: 400;\">La scadenza per la presentazione della domanda era il <\/span><b>31 marzo 2022. <\/b>Ringraziamo tutti coloro che hanno inviato la loro candidatura, e saremo comunque lieti di accogliere e valutare le ultime richieste che eventualmente arriveranno.<\/p>\n<h4 style=\"padding-left: 40px;\"><b>\u2192 <\/b><b>La valutazione<\/b><\/h4>\n<p style=\"padding-left: 40px;\"><span style=\"font-weight: 400;\">Le proposte sono valutate da un comitato tecnico scientifico composto dal coordinamento di EoF e dallo staff di Spazio Spadoni.<\/span><\/p>\n<p style=\"padding-left: 40px;\"><span style=\"font-weight: 400;\">Oltre ai requisiti sopra elencati, si valuter\u00e0 anche la motivazione personale intrinseca legata a temi e principi di EoF, nonch\u00e9 la volont\u00e0 di apportare con impegno e responsabilit\u00e0 un cambio tangibile nel contesto locale ove si opera.<\/span><\/p>\n<h4 style=\"padding-left: 40px;\"><b>\u2192 <\/b><b>Comunicazione esito<\/b><\/h4>\n<p style=\"padding-left: 40px;\"><span style=\"font-weight: 400;\">L&#8217;esito della valutazione e la conseguente scelta delle proposte accolte saranno pubblicati su questo sito entro e non oltre il 30 aprile 2022.<\/span><\/p>\n<h4 style=\"padding-left: 40px;\"><b>\u2192 <\/b><b>Cosa offre l&#8217;application alle proposte scelte<\/b><\/h4>\n<ul>\n<li style=\"list-style-type: none;\">\n<ul>\n<li><span style=\"font-weight: 400;\">Per le start up, Spazio Spadoni contribuisce al finanziamento dello sviluppo (con termini economici di sostegno rapportato al valore di mercato locale) e della loro messa in rete tra gli attori dei progetti HIC SUM.<\/span><\/li>\n<li><span style=\"font-weight: 400;\">Per coloro che affiancheranno e favoriranno il processo esistente o in avvio di imprese sociali all\u2019interno del progetto HIC SUM, Spazio Spadoni contribuisce con la copertura economica di una borsa \u201cHIC SUM\u201d.<\/span><\/li>\n<li><span style=\"font-weight: 400;\">Per entrambi i percorsi, Spazio Spadoni prevede la copertura dei costi per la partecipazione all\u2019evento di Assisi nei giorni 22, 23 e 24 settembre 2022<\/span><\/li>\n<\/ul>\n<\/li>\n<\/ul>\n<p style=\"padding-left: 40px;\">Per altre informazioni, scrivi a: <a href=\"mailto:francescoeconomy@spaziospadoni.org\" target=\"_blank\" rel=\"noopener\">francescoeconomy@<wbr \/>spaziospadoni.org<\/a><\/p>\n<\/div><div style=\"text-align:center;\"><a class=\"fusion-button button-flat button-large button-default fusion-button-default button-1 fusion-button-default-span fusion-button-default-type\" target=\"_blank\" rel=\"noopener noreferrer\" href=\"https:\/\/francescoeconomy.org\/hic-sum-grants-and-startup-funds-form\/\"><i class=\"fa-file-alt fas awb-button__icon awb-button__icon--default button-icon-left\" aria-hidden=\"true\"><\/i><span class=\"fusion-button-text awb-button__text awb-button__text--default\">FILL THE FORM<\/span><\/a><\/div><\/div><\/div><\/div><\/div>\n","protected":false},"excerpt":{"rendered":"","protected":false},"author":3,"featured_media":0,"parent":0,"menu_order":0,"comment_status":"closed","ping_status":"closed","template":"","meta":{"footnotes":""},"class_list":["post-16609","page","type-page","status-publish","hentry"],"yoast_head":"<!-- This site is optimized with the Yoast SEO plugin v27.3 - https:\/\/yoast.com\/product\/yoast-seo-wordpress\/ -->\n<title>HIC SUM grants and startup funds | The Economy of Francesco<\/title>\n<meta name=\"robots\" content=\"index, follow, max-snippet:-1, max-image-preview:large, max-video-preview:-1\" \/>\n<link rel=\"canonical\" href=\"https:\/\/francescoeconomy.org\/it\/hic-sum-grants-and-startup-funds\/\" \/>\n<meta property=\"og:locale\" content=\"it_IT\" \/>\n<meta property=\"og:type\" content=\"article\" \/>\n<meta property=\"og:title\" content=\"HIC SUM grants and startup funds | The Economy of Francesco\" \/>\n<meta property=\"og:url\" content=\"https:\/\/francescoeconomy.org\/it\/hic-sum-grants-and-startup-funds\/\" \/>\n<meta property=\"og:site_name\" content=\"The Economy of Francesco\" \/>\n<meta property=\"article:modified_time\" content=\"2022-04-01T17:15:23+00:00\" \/>\n<meta name=\"twitter:card\" content=\"summary_large_image\" \/>\n<meta name=\"twitter:label1\" content=\"Tempo di lettura stimato\" \/>\n\t<meta name=\"twitter:data1\" content=\"8 minuti\" \/>\n<script type=\"application\/ld+json\" class=\"yoast-schema-graph\">{\"@context\":\"https:\\\/\\\/schema.org\",\"@graph\":[{\"@type\":\"WebPage\",\"@id\":\"https:\\\/\\\/francescoeconomy.org\\\/it\\\/hic-sum-grants-and-startup-funds\\\/\",\"url\":\"https:\\\/\\\/francescoeconomy.org\\\/it\\\/hic-sum-grants-and-startup-funds\\\/\",\"name\":\"HIC SUM grants and startup funds | The Economy of Francesco\",\"isPartOf\":{\"@id\":\"https:\\\/\\\/francescoeconomy.org\\\/#website\"},\"datePublished\":\"2022-03-01T21:51:38+00:00\",\"dateModified\":\"2022-04-01T17:15:23+00:00\",\"breadcrumb\":{\"@id\":\"https:\\\/\\\/francescoeconomy.org\\\/it\\\/hic-sum-grants-and-startup-funds\\\/#breadcrumb\"},\"inLanguage\":\"it-IT\",\"potentialAction\":[{\"@type\":\"ReadAction\",\"target\":[\"https:\\\/\\\/francescoeconomy.org\\\/it\\\/hic-sum-grants-and-startup-funds\\\/\"]}]},{\"@type\":\"BreadcrumbList\",\"@id\":\"https:\\\/\\\/francescoeconomy.org\\\/it\\\/hic-sum-grants-and-startup-funds\\\/#breadcrumb\",\"itemListElement\":[{\"@type\":\"ListItem\",\"position\":1,\"name\":\"Home\",\"item\":\"https:\\\/\\\/francescoeconomy.org\\\/it\\\/\"},{\"@type\":\"ListItem\",\"position\":2,\"name\":\"HIC SUM grants and startup funds\"}]},{\"@type\":\"WebSite\",\"@id\":\"https:\\\/\\\/francescoeconomy.org\\\/#website\",\"url\":\"https:\\\/\\\/francescoeconomy.org\\\/\",\"name\":\"The Economy of Francesco\",\"description\":\"Young people, a commitment, the future\",\"publisher\":{\"@id\":\"https:\\\/\\\/francescoeconomy.org\\\/#organization\"},\"potentialAction\":[{\"@type\":\"SearchAction\",\"target\":{\"@type\":\"EntryPoint\",\"urlTemplate\":\"https:\\\/\\\/francescoeconomy.org\\\/?s={search_term_string}\"},\"query-input\":{\"@type\":\"PropertyValueSpecification\",\"valueRequired\":true,\"valueName\":\"search_term_string\"}}],\"inLanguage\":\"it-IT\"},{\"@type\":\"Organization\",\"@id\":\"https:\\\/\\\/francescoeconomy.org\\\/#organization\",\"name\":\"The Economy of Francesco\",\"url\":\"https:\\\/\\\/francescoeconomy.org\\\/\",\"logo\":{\"@type\":\"ImageObject\",\"inLanguage\":\"it-IT\",\"@id\":\"https:\\\/\\\/francescoeconomy.org\\\/#\\\/schema\\\/logo\\\/image\\\/\",\"url\":\"https:\\\/\\\/francescoeconomy.org\\\/wp-content\\\/uploads\\\/2019\\\/06\\\/Logo-EoF2020-tracciato.png\",\"contentUrl\":\"https:\\\/\\\/francescoeconomy.org\\\/wp-content\\\/uploads\\\/2019\\\/06\\\/Logo-EoF2020-tracciato.png\",\"width\":513,\"height\":513,\"caption\":\"The Economy of Francesco\"},\"image\":{\"@id\":\"https:\\\/\\\/francescoeconomy.org\\\/#\\\/schema\\\/logo\\\/image\\\/\"}}]}<\/script>\n<!-- \/ Yoast SEO plugin. -->","yoast_head_json":{"title":"HIC SUM grants and startup funds | The Economy of Francesco","robots":{"index":"index","follow":"follow","max-snippet":"max-snippet:-1","max-image-preview":"max-image-preview:large","max-video-preview":"max-video-preview:-1"},"canonical":"https:\/\/francescoeconomy.org\/it\/hic-sum-grants-and-startup-funds\/","og_locale":"it_IT","og_type":"article","og_title":"HIC SUM grants and startup funds | The Economy of Francesco","og_url":"https:\/\/francescoeconomy.org\/it\/hic-sum-grants-and-startup-funds\/","og_site_name":"The Economy of Francesco","article_modified_time":"2022-04-01T17:15:23+00:00","twitter_card":"summary_large_image","twitter_misc":{"Tempo di lettura stimato":"8 minuti"},"schema":{"@context":"https:\/\/schema.org","@graph":[{"@type":"WebPage","@id":"https:\/\/francescoeconomy.org\/it\/hic-sum-grants-and-startup-funds\/","url":"https:\/\/francescoeconomy.org\/it\/hic-sum-grants-and-startup-funds\/","name":"HIC SUM grants and startup funds | The Economy of Francesco","isPartOf":{"@id":"https:\/\/francescoeconomy.org\/#website"},"datePublished":"2022-03-01T21:51:38+00:00","dateModified":"2022-04-01T17:15:23+00:00","breadcrumb":{"@id":"https:\/\/francescoeconomy.org\/it\/hic-sum-grants-and-startup-funds\/#breadcrumb"},"inLanguage":"it-IT","potentialAction":[{"@type":"ReadAction","target":["https:\/\/francescoeconomy.org\/it\/hic-sum-grants-and-startup-funds\/"]}]},{"@type":"BreadcrumbList","@id":"https:\/\/francescoeconomy.org\/it\/hic-sum-grants-and-startup-funds\/#breadcrumb","itemListElement":[{"@type":"ListItem","position":1,"name":"Home","item":"https:\/\/francescoeconomy.org\/it\/"},{"@type":"ListItem","position":2,"name":"HIC SUM grants and startup funds"}]},{"@type":"WebSite","@id":"https:\/\/francescoeconomy.org\/#website","url":"https:\/\/francescoeconomy.org\/","name":"The Economy of Francesco","description":"Young people, a commitment, the future","publisher":{"@id":"https:\/\/francescoeconomy.org\/#organization"},"potentialAction":[{"@type":"SearchAction","target":{"@type":"EntryPoint","urlTemplate":"https:\/\/francescoeconomy.org\/?s={search_term_string}"},"query-input":{"@type":"PropertyValueSpecification","valueRequired":true,"valueName":"search_term_string"}}],"inLanguage":"it-IT"},{"@type":"Organization","@id":"https:\/\/francescoeconomy.org\/#organization","name":"The Economy of Francesco","url":"https:\/\/francescoeconomy.org\/","logo":{"@type":"ImageObject","inLanguage":"it-IT","@id":"https:\/\/francescoeconomy.org\/#\/schema\/logo\/image\/","url":"https:\/\/francescoeconomy.org\/wp-content\/uploads\/2019\/06\/Logo-EoF2020-tracciato.png","contentUrl":"https:\/\/francescoeconomy.org\/wp-content\/uploads\/2019\/06\/Logo-EoF2020-tracciato.png","width":513,"height":513,"caption":"The Economy of Francesco"},"image":{"@id":"https:\/\/francescoeconomy.org\/#\/schema\/logo\/image\/"}}]}},"_links":{"self":[{"href":"https:\/\/francescoeconomy.org\/it\/wp-json\/wp\/v2\/pages\/16609","targetHints":{"allow":["GET"]}}],"collection":[{"href":"https:\/\/francescoeconomy.org\/it\/wp-json\/wp\/v2\/pages"}],"about":[{"href":"https:\/\/francescoeconomy.org\/it\/wp-json\/wp\/v2\/types\/page"}],"author":[{"embeddable":true,"href":"https:\/\/francescoeconomy.org\/it\/wp-json\/wp\/v2\/users\/3"}],"replies":[{"embeddable":true,"href":"https:\/\/francescoeconomy.org\/it\/wp-json\/wp\/v2\/comments?post=16609"}],"version-history":[{"count":0,"href":"https:\/\/francescoeconomy.org\/it\/wp-json\/wp\/v2\/pages\/16609\/revisions"}],"wp:attachment":[{"href":"https:\/\/francescoeconomy.org\/it\/wp-json\/wp\/v2\/media?parent=16609"}],"curies":[{"name":"wp","href":"https:\/\/api.w.org\/{rel}","templated":true}]}}