{"id":20174,"date":"2022-09-16T14:21:19","date_gmt":"2022-09-16T12:21:19","guid":{"rendered":"https:\/\/francescoeconomy.org\/?page_id=20174"},"modified":"2022-09-16T14:21:19","modified_gmt":"2022-09-16T12:21:19","slug":"progetto-tutela-boschi","status":"publish","type":"page","link":"https:\/\/francescoeconomy.org\/it\/progetto-tutela-boschi\/","title":{"rendered":"Progetto Tutela Boschi"},"content":{"rendered":"<div class=\"fusion-fullwidth fullwidth-box fusion-builder-row-1 nonhundred-percent-fullwidth non-hundred-percent-height-scrolling\" style=\"--awb-border-radius-top-left:0px;--awb-border-radius-top-right:0px;--awb-border-radius-bottom-right:0px;--awb-border-radius-bottom-left:0px;--awb-flex-wrap:wrap;\" ><div class=\"fusion-builder-row fusion-row\"><div class=\"fusion-layout-column fusion_builder_column fusion-builder-column-0 fusion_builder_column_1_1 1_1 fusion-one-full fusion-column-first fusion-column-last\" style=\"--awb-bg-size:cover;\"><div class=\"fusion-column-wrapper fusion-column-has-shadow fusion-flex-column-wrapper-legacy\"><div class=\"fusion-title title fusion-title-1 fusion-sep-none fusion-title-text fusion-title-size-one\" style=\"--awb-margin-top-small:0px;--awb-margin-right-small:0px;--awb-margin-bottom-small:20px;--awb-margin-left-small:0px;--awb-font-size:60px;\"><h1 class=\"fusion-title-heading title-heading-left fusion-responsive-typography-calculated\" style=\"margin:0;font-size:1em;--fontSize:60;line-height:1.5;\"><h2 style=\"text-align: center;\"><b>Progetto di valorizzazione e tutela delle aree boschive dell\u2019Eremo delle carceri per \u201cThe Economy of Francesco\u201d<\/b><\/h2><\/h1><\/div><div class=\"fusion-clearfix\"><\/div><\/div><\/div><div class=\"fusion-layout-column fusion_builder_column fusion-builder-column-1 fusion_builder_column_1_1 1_1 fusion-one-full fusion-column-first fusion-column-last\" style=\"--awb-bg-size:cover;--awb-margin-bottom:0px;\"><div class=\"fusion-column-wrapper fusion-flex-column-wrapper-legacy\"><div class=\"fusion-text fusion-text-1\"><p><span style=\"font-weight: 400;\">Progettare degli interventi migliorativi nel settore forestale che abbiano un impatto positivo sul carbonio vuol dire influenzare positivamente anche gli altri servizi ecosistemici del bosco: <\/span><b>proteggere un bosco<\/b><span style=\"font-weight: 400;\"> dagli incendi o migliorare la stabilit\u00e0 del soprassuolo arboreo e la resilienza della superficie forestale, promuovere la fruizione turistico ricreativa e incrementare il valore culturale del luogo, favorire una maggior tutela del suolo forestale e delle risorse idriche, della biodiversit\u00e0 e della salvaguardia degli equilibri ecosistemici degli habitat presenti.\u00a0<\/span><\/p>\n<\/div><div class=\"fusion-clearfix\"><\/div><\/div><\/div><div class=\"fusion-layout-column fusion_builder_column fusion-builder-column-2 fusion_builder_column_2_3 2_3 fusion-two-third fusion-column-first\" style=\"--awb-bg-size:cover;--awb-margin-bottom:0px;width:65.3333%; margin-right: 4%;\"><div class=\"fusion-column-wrapper fusion-flex-column-wrapper-legacy\"><div class=\"fusion-text fusion-text-2\"><p><span style=\"font-weight: 400;\">Le attivit\u00e0 di gestione forestale in grado di generare <\/span><b>servizi ecosistemici quantificabili in tonnellate di CO<\/b><b>2<\/b><span style=\"font-weight: 400;\"> devono in sintesi sempre prevedere azioni volte alla mitigazione e adattamento del cambiamento climatico ed essere in grado di garantire direttamente un aumento dello stock di carbonio o una diminuzione delle emissioni e, in generale, un miglioramento della resilienza dell\u2019ecosistema forestale e della sua fruizione.<\/span><\/p>\n<p><span style=\"font-weight: 400;\">Di seguito si presentano le attivit\u00e0 forestali finalizzate alla generazione di Crediti di sostenibilit\u00e0 (in tonnellate di CO<\/span><span style=\"font-weight: 400;\">2 eq.<\/span><span style=\"font-weight: 400;\">) con gli interventi di miglioramento e di gestione forestale <\/span><b>dentro e fuori l\u2019Eremo delle Carceri<\/b><span style=\"font-weight: 400;\">, romitorio posto a 791 metri di altezza sulle pendici del monte Subasio (<\/span><i><span style=\"font-weight: 400;\">si prevede a titolo precauzionale una durata del progetto di tre anni<\/span><\/i><span style=\"font-weight: 400;\">).\u00a0<\/span><\/p>\n<\/div><div class=\"fusion-clearfix\"><\/div><\/div><\/div><div class=\"fusion-layout-column fusion_builder_column fusion-builder-column-3 fusion_builder_column_1_3 1_3 fusion-one-third fusion-column-last\" style=\"--awb-bg-size:cover;--awb-margin-bottom:0px;width:30.6666%;\"><div class=\"fusion-column-wrapper fusion-flex-column-wrapper-legacy\"><div class=\"fusion-image-element in-legacy-container\" style=\"--awb-caption-title-font-family:var(--h2_typography-font-family);--awb-caption-title-font-weight:var(--h2_typography-font-weight);--awb-caption-title-font-style:var(--h2_typography-font-style);--awb-caption-title-size:var(--h2_typography-font-size);--awb-caption-title-transform:var(--h2_typography-text-transform);--awb-caption-title-line-height:var(--h2_typography-line-height);--awb-caption-title-letter-spacing:var(--h2_typography-letter-spacing);\"><span class=\" fusion-imageframe imageframe-none imageframe-1 hover-type-none\"><img decoding=\"async\" width=\"1024\" height=\"563\" title=\"PEFC\" src=\"https:\/\/francescoeconomy.org\/wp-content\/uploads\/2022\/06\/PEFC-e1663344529952.png\" data-orig-src=\"https:\/\/francescoeconomy.org\/wp-content\/uploads\/2022\/06\/PEFC.png\" alt class=\"lazyload img-responsive wp-image-18640\" srcset=\"data:image\/svg+xml,%3Csvg%20xmlns%3D%27http%3A%2F%2Fwww.w3.org%2F2000%2Fsvg%27%20width%3D%271024%27%20height%3D%27563%27%20viewBox%3D%270%200%201024%20563%27%3E%3Crect%20width%3D%271024%27%20height%3D%27563%27%20fill-opacity%3D%220%22%2F%3E%3C%2Fsvg%3E\" data-srcset=\"https:\/\/francescoeconomy.org\/wp-content\/uploads\/2022\/06\/PEFC-200x110.png 200w, https:\/\/francescoeconomy.org\/wp-content\/uploads\/2022\/06\/PEFC-400x220.png 400w, https:\/\/francescoeconomy.org\/wp-content\/uploads\/2022\/06\/PEFC-600x330.png 600w, https:\/\/francescoeconomy.org\/wp-content\/uploads\/2022\/06\/PEFC-800x440.png 800w, https:\/\/francescoeconomy.org\/wp-content\/uploads\/2022\/06\/PEFC.png 1024w\" data-sizes=\"auto\" data-orig-sizes=\"(max-width: 1024px) 100vw, 400px\" \/><\/span><\/div><div class=\"fusion-clearfix\"><\/div><\/div><\/div><div class=\"fusion-layout-column fusion_builder_column fusion-builder-column-4 fusion_builder_column_4_5 4_5 fusion-four-fifth fusion-column-first\" style=\"--awb-padding-top:1%;--awb-padding-bottom:1%;--awb-bg-size:cover;--awb-margin-top:20px;--awb-margin-bottom:0px;width:79.2%; margin-right: 4%;\"><div class=\"fusion-column-wrapper fusion-column-has-shadow fusion-flex-column-wrapper-legacy\">\n<div class=\"table-2\">\n<table width=\"100%\">\n<thead>\n<tr>\n<th align=\"left\">Dentro Eremo<\/th>\n<th align=\"left\">Fuori Eremo<\/th>\n<\/tr>\n<\/thead>\n<tbody>\n<tr>\n<td align=\"left\"><span style=\"font-weight: 400;\">Sottopiantagione di 20 lecci e altre specie autoctone,<br \/>\nt<\/span><span style=\"font-weight: 400;\">agli colturali e fitosanitari,<br \/>\no<\/span><span style=\"font-weight: 400;\">pere ingegneria naturalistica<\/span><\/td>\n<td align=\"left\"><span style=\"font-weight: 400;\">Supporto alla vita,<br \/>\nformazione del suolo,<br \/>\nregolazione idrogeologica<\/span><\/td>\n<\/tr>\n<tr>\n<td align=\"left\"><span style=\"font-weight: 400;\">Realizzazione di 20.000 mq di fasce spartifuoco<\/span><\/td>\n<td align=\"left\"><span style=\"font-weight: 400;\">Regolazione del clima, regolazione idrogeologica <\/span><\/td>\n<\/tr>\n<\/tbody>\n<\/table>\n<\/div>\n<div class=\"fusion-clearfix\"><\/div><\/div><\/div><div class=\"fusion-layout-column fusion_builder_column fusion-builder-column-5 fusion_builder_column_4_5 4_5 fusion-four-fifth fusion-column-last\" style=\"--awb-bg-size:cover;--awb-margin-top:20px;--awb-margin-bottom:0px;\"><div class=\"fusion-column-wrapper fusion-column-has-shadow fusion-flex-column-wrapper-legacy\"><div class=\"fusion-text fusion-text-3\"><p><span style=\"font-weight: 400;\">I lavori sono ipotizzati essere eseguiti da AFOR, con costi parametrati al \u201cpreziario regionale\u201d.<\/span><\/p>\n<\/div><div class=\"fusion-clearfix\"><\/div><\/div><\/div><div class=\"fusion-layout-column fusion_builder_column fusion-builder-column-6 fusion_builder_column_1_1 1_1 fusion-one-full fusion-column-first fusion-column-last\" style=\"--awb-padding-top:2%;--awb-bg-size:cover;--awb-margin-top:20px;--awb-margin-bottom:0px;\"><div class=\"fusion-column-wrapper fusion-column-has-shadow fusion-flex-column-wrapper-legacy\"><div class=\"fusion-sep-clear\"><\/div><div class=\"fusion-separator fusion-full-width-sep\" style=\"margin-left: auto;margin-right: auto;width:100%;\"><\/div><div class=\"fusion-sep-clear\"><\/div><div class=\"fusion-text fusion-text-4\"><h3><b>Cosa sono i Crediti di Carbonio e i Crediti di Sostenibilit\u00e0<\/b><\/h3>\n<p><span style=\"font-weight: 400;\">In tutti gli ecosistemi la produttivit\u00e0 primaria netta dell\u2019ecosistema (NEP) \u00e8 ottenibile dalla somma tra la quantit\u00e0 di carbonio assimilata attraverso i processi fotosintetici e quelli che avvengono nel suolo, meno la quantit\u00e0 di carbonio rilasciato in atmosfera attraverso i processi di respirazione a livello ecosistemico in un dato intervallo di tempo. Tale differenza \u00e8 influenzata anche dai disturbi esterni che l\u2019ecosistema pu\u00f2 subire di origine sia naturale che antropica, come ad esempio l\u2019utilizzazione forestale o le lavorazioni del suolo, le potature e la raccolta dei frutti nei sistemi agricoli.<\/span><\/p>\n<p><span style=\"font-weight: 400;\">In un progetto di gestione sostenibile, <\/span><b>realizzato allo scopo di mitigare il cambiamento climatico o di neutralizzare le emissioni di un evento o di una attivit\u00e0<\/b><span style=\"font-weight: 400;\">, possono essere previste tipologie di interventi e scelte operative (agricole, pastorali o selvicolturali) in grado di apportare non solo un incremento degli stock di carbonio nei carbon pool o la riduzione di emissione di CO<\/span><span style=\"font-weight: 400;\">2equivalenti<\/span><span style=\"font-weight: 400;\">, ma anche ulteriori benefici ecosistemici generando cos\u00ec un valore aggiunto al semplice Credito di Carbonio generabile, dove un credito equivale ad una tonnellata di CO<\/span><span style=\"font-weight: 400;\">2 <\/span><span style=\"font-weight: 400;\">equivalente. Le variazioni di stock di carbonio delle formazioni forestali sono direttamente correlate al volume legnoso presente in un appezzamento e sono pertanto facilmente stimabili beneficiando di linee guida e fattori definiti nelle linee guida del Panel intergovernativo sui cambiamenti climatici (IPCC). Ogni tonnellata di carbonio addizionale sequestrata dall\u2019atmosfera o non emessa ha un valore economico definito dal mercato del carbonio internazionale ed europeo. Il delta \u201cecosistemico\u201d, inteso come l\u2019insieme degli ulteriori servizi scaturiti dalle azioni integrative, pu\u00f2 essere quindi quantificato e rappresentato con il concetto di \u201cCredito di Sostenibilit\u00e0\u201d.\u00a0<\/span><\/p>\n<p><span style=\"font-weight: 400;\">Il Credito di Sostenibilit\u00e0 sintetizza il risultato dell\u2019azione umana finalizzata a generare e valorizzare differenti servizi ecosistemici, originati da specifici interventi selvicolturali e\/o agricoli, volti alla mitigazione e adattamento ai cambiamenti climatici e misurabili in termini di riduzione o assorbimenti delle emissioni di gas serra, di cui la tonnellata di CO<\/span><span style=\"font-weight: 400;\">2e<\/span><span style=\"font-weight: 400;\"> rimane un indicatore quantitativo. Pu\u00f2 essere quindi, definito come una \u201centit\u00e0 intangibile\u201d che sintetizza e rappresenta l\u2019impatto di quell\u2019insieme di attivit\u00e0 addizionali in grado di aumentare il valore dei CC generati, in quanto garantiscono al contempo l\u2019erogazione di diversi servizi ecosistemici e la permanenza di altre e diverse funzioni ecosistemiche e di tutela ambientale (art. 7, com. 9, decreto legislativo 3 aprile 2018 n. 34 \u2013 Testo Unico Forestale).<\/span><\/p>\n<\/div><div class=\"fusion-sep-clear\"><\/div><div class=\"fusion-separator fusion-full-width-sep\" style=\"margin-left: auto;margin-right: auto;width:100%;\"><\/div><div class=\"fusion-sep-clear\"><\/div><div class=\"fusion-clearfix\"><\/div><\/div><\/div><div class=\"fusion-layout-column fusion_builder_column fusion-builder-column-7 fusion_builder_column_1_1 1_1 fusion-one-full fusion-column-first fusion-column-last\" style=\"--awb-padding-top:2%;--awb-bg-size:cover;--awb-margin-top:20px;--awb-margin-bottom:0px;\"><div class=\"fusion-column-wrapper fusion-column-has-shadow fusion-flex-column-wrapper-legacy\"><div class=\"fusion-sep-clear\"><\/div><div class=\"fusion-separator fusion-full-width-sep\" style=\"margin-left: auto;margin-right: auto;width:100%;\"><\/div><div class=\"fusion-sep-clear\"><\/div><div class=\"fusion-text fusion-text-5\"><h3><strong>Come certificare l\u2019assorbimento?<\/strong><\/h3>\n<p><span style=\"font-weight: 400;\">Per il riconoscimento della quantit\u00e0 di tonnellate CO<\/span><span style=\"font-weight: 400;\">2<\/span><span style=\"font-weight: 400;\"> stoccate o non emesse in genere, ci si affida ad una certificazione della conformit\u00e0 ad uno standard di assorbimento di CO<\/span><span style=\"font-weight: 400;\">2<\/span><span style=\"font-weight: 400;\"> tramite Organismi \u201cdi terza parte\u201d che validano il processo e definiscono la stima di assorbimento annuale e totale. Per questo progetto si ipotizza una verifica e una validazione dell\u2019intero processo da parte della stessa organizzazione di Economy of Francesco, che valorizzer\u00e0 le componenti interne per il controllo della regolarit\u00e0 delle attivit\u00e0 selvicolturali e della sua gestione, per la stima dell\u2019assorbimento a fronte di uno standard riconosciuto per la quantificazione dei <\/span><b>Servizi Ecosistemici (PEFC Italia)<\/b><span style=\"font-weight: 400;\"> e per la corretta gestione dei fondi privati per la realizzazione delle attivit\u00e0 (Comitato Organizzatore The Economy of Francesco). Questa certificazione di \u201cseconda parte\u201d ridurr\u00e0 notevolmente i costi di certificazione, mantenendo alto sia la credibilit\u00e0 dei \u201ccrediti\u201d (che possono essere definiti di sostenibilit\u00e0) che il valore della comunicazione verso esterni.<\/span><\/p>\n<p><span style=\"font-weight: 400;\">Si propone l\u2019approccio <\/span><b>MERC (Misura, Evita, Riduci, Compensa),<\/b><span style=\"font-weight: 400;\"> che prevede che le aziende acquirenti prima effettuino un calcolo la propria carbon footprint, poi realizzino attivit\u00e0 per ridurre le emissioni e\/o evitare le emissioni di gas serra ed infine compensino le emissioni che non possono essere ridotte attraverso l\u2019acquisto di crediti.<\/span><\/p>\n<\/div><div class=\"fusion-sep-clear\"><\/div><div class=\"fusion-separator fusion-full-width-sep\" style=\"margin-left: auto;margin-right: auto;width:100%;\"><\/div><div class=\"fusion-sep-clear\"><\/div><div class=\"fusion-clearfix\"><\/div><\/div><\/div><div class=\"fusion-layout-column fusion_builder_column fusion-builder-column-8 fusion_builder_column_1_1 1_1 fusion-one-full fusion-column-first fusion-column-last\" style=\"--awb-padding-top:2%;--awb-bg-size:cover;--awb-margin-top:20px;--awb-margin-bottom:0px;\"><div class=\"fusion-column-wrapper fusion-column-has-shadow fusion-flex-column-wrapper-legacy\"><div class=\"fusion-sep-clear\"><\/div><div class=\"fusion-separator fusion-full-width-sep\" style=\"margin-left: auto;margin-right: auto;width:100%;\"><\/div><div class=\"fusion-sep-clear\"><\/div><div class=\"fusion-text fusion-text-6\"><p><b>Antonio Brunori<\/b><b><br \/>\n<\/b><span style=\"font-weight: 400;\">dottore forestale, segretario generale PEFC Italia<\/span><\/p>\n<\/div><div class=\"fusion-sep-clear\"><\/div><div class=\"fusion-separator fusion-full-width-sep\" style=\"margin-left: auto;margin-right: auto;width:100%;\"><\/div><div class=\"fusion-sep-clear\"><\/div><div class=\"fusion-clearfix\"><\/div><\/div><\/div><div class=\"fusion-layout-column fusion_builder_column fusion-builder-column-9 fusion_builder_column_1_1 1_1 fusion-one-full fusion-column-first fusion-column-last\" style=\"--awb-bg-size:cover;--awb-margin-bottom:0px;\"><div class=\"fusion-column-wrapper fusion-flex-column-wrapper-legacy\"><div class=\"fusion-sep-clear\"><\/div><div class=\"fusion-separator fusion-full-width-sep\" style=\"margin-left: auto;margin-right: auto;width:100%;\"><\/div><div class=\"fusion-sep-clear\"><\/div><div class=\"fusion-clearfix\"><\/div><\/div><\/div><\/div><\/div>\n","protected":false},"excerpt":{"rendered":"","protected":false},"author":1,"featured_media":0,"parent":0,"menu_order":0,"comment_status":"closed","ping_status":"closed","template":"","meta":{"footnotes":""},"class_list":["post-20174","page","type-page","status-publish","hentry"],"yoast_head":"<!-- This site is optimized with the Yoast SEO plugin v27.3 - https:\/\/yoast.com\/product\/yoast-seo-wordpress\/ -->\n<title>Progetto Tutela Boschi | The Economy of Francesco<\/title>\n<meta name=\"robots\" content=\"index, follow, max-snippet:-1, max-image-preview:large, max-video-preview:-1\" \/>\n<link rel=\"canonical\" href=\"https:\/\/francescoeconomy.org\/it\/progetto-tutela-boschi\/\" \/>\n<meta property=\"og:locale\" content=\"it_IT\" \/>\n<meta property=\"og:type\" content=\"article\" \/>\n<meta property=\"og:title\" content=\"Progetto Tutela Boschi | The Economy of Francesco\" \/>\n<meta property=\"og:url\" content=\"https:\/\/francescoeconomy.org\/it\/progetto-tutela-boschi\/\" \/>\n<meta property=\"og:site_name\" content=\"The Economy of Francesco\" \/>\n<meta name=\"twitter:card\" content=\"summary_large_image\" \/>\n<meta name=\"twitter:label1\" content=\"Tempo di lettura stimato\" \/>\n\t<meta name=\"twitter:data1\" content=\"9 minuti\" \/>\n<script type=\"application\/ld+json\" class=\"yoast-schema-graph\">{\"@context\":\"https:\\\/\\\/schema.org\",\"@graph\":[{\"@type\":\"WebPage\",\"@id\":\"https:\\\/\\\/francescoeconomy.org\\\/it\\\/progetto-tutela-boschi\\\/\",\"url\":\"https:\\\/\\\/francescoeconomy.org\\\/it\\\/progetto-tutela-boschi\\\/\",\"name\":\"Progetto Tutela Boschi | The Economy of Francesco\",\"isPartOf\":{\"@id\":\"https:\\\/\\\/francescoeconomy.org\\\/#website\"},\"datePublished\":\"2022-09-16T12:21:19+00:00\",\"breadcrumb\":{\"@id\":\"https:\\\/\\\/francescoeconomy.org\\\/it\\\/progetto-tutela-boschi\\\/#breadcrumb\"},\"inLanguage\":\"it-IT\",\"potentialAction\":[{\"@type\":\"ReadAction\",\"target\":[\"https:\\\/\\\/francescoeconomy.org\\\/it\\\/progetto-tutela-boschi\\\/\"]}]},{\"@type\":\"BreadcrumbList\",\"@id\":\"https:\\\/\\\/francescoeconomy.org\\\/it\\\/progetto-tutela-boschi\\\/#breadcrumb\",\"itemListElement\":[{\"@type\":\"ListItem\",\"position\":1,\"name\":\"Home\",\"item\":\"https:\\\/\\\/francescoeconomy.org\\\/it\\\/\"},{\"@type\":\"ListItem\",\"position\":2,\"name\":\"Progetto Tutela Boschi\"}]},{\"@type\":\"WebSite\",\"@id\":\"https:\\\/\\\/francescoeconomy.org\\\/#website\",\"url\":\"https:\\\/\\\/francescoeconomy.org\\\/\",\"name\":\"The Economy of Francesco\",\"description\":\"Young people, a commitment, the future\",\"publisher\":{\"@id\":\"https:\\\/\\\/francescoeconomy.org\\\/#organization\"},\"potentialAction\":[{\"@type\":\"SearchAction\",\"target\":{\"@type\":\"EntryPoint\",\"urlTemplate\":\"https:\\\/\\\/francescoeconomy.org\\\/?s={search_term_string}\"},\"query-input\":{\"@type\":\"PropertyValueSpecification\",\"valueRequired\":true,\"valueName\":\"search_term_string\"}}],\"inLanguage\":\"it-IT\"},{\"@type\":\"Organization\",\"@id\":\"https:\\\/\\\/francescoeconomy.org\\\/#organization\",\"name\":\"The Economy of Francesco\",\"url\":\"https:\\\/\\\/francescoeconomy.org\\\/\",\"logo\":{\"@type\":\"ImageObject\",\"inLanguage\":\"it-IT\",\"@id\":\"https:\\\/\\\/francescoeconomy.org\\\/#\\\/schema\\\/logo\\\/image\\\/\",\"url\":\"https:\\\/\\\/francescoeconomy.org\\\/wp-content\\\/uploads\\\/2019\\\/06\\\/Logo-EoF2020-tracciato.png\",\"contentUrl\":\"https:\\\/\\\/francescoeconomy.org\\\/wp-content\\\/uploads\\\/2019\\\/06\\\/Logo-EoF2020-tracciato.png\",\"width\":513,\"height\":513,\"caption\":\"The Economy of Francesco\"},\"image\":{\"@id\":\"https:\\\/\\\/francescoeconomy.org\\\/#\\\/schema\\\/logo\\\/image\\\/\"}}]}<\/script>\n<!-- \/ Yoast SEO plugin. -->","yoast_head_json":{"title":"Progetto Tutela Boschi | The Economy of Francesco","robots":{"index":"index","follow":"follow","max-snippet":"max-snippet:-1","max-image-preview":"max-image-preview:large","max-video-preview":"max-video-preview:-1"},"canonical":"https:\/\/francescoeconomy.org\/it\/progetto-tutela-boschi\/","og_locale":"it_IT","og_type":"article","og_title":"Progetto Tutela Boschi | The Economy of Francesco","og_url":"https:\/\/francescoeconomy.org\/it\/progetto-tutela-boschi\/","og_site_name":"The Economy of Francesco","twitter_card":"summary_large_image","twitter_misc":{"Tempo di lettura stimato":"9 minuti"},"schema":{"@context":"https:\/\/schema.org","@graph":[{"@type":"WebPage","@id":"https:\/\/francescoeconomy.org\/it\/progetto-tutela-boschi\/","url":"https:\/\/francescoeconomy.org\/it\/progetto-tutela-boschi\/","name":"Progetto Tutela Boschi | The Economy of Francesco","isPartOf":{"@id":"https:\/\/francescoeconomy.org\/#website"},"datePublished":"2022-09-16T12:21:19+00:00","breadcrumb":{"@id":"https:\/\/francescoeconomy.org\/it\/progetto-tutela-boschi\/#breadcrumb"},"inLanguage":"it-IT","potentialAction":[{"@type":"ReadAction","target":["https:\/\/francescoeconomy.org\/it\/progetto-tutela-boschi\/"]}]},{"@type":"BreadcrumbList","@id":"https:\/\/francescoeconomy.org\/it\/progetto-tutela-boschi\/#breadcrumb","itemListElement":[{"@type":"ListItem","position":1,"name":"Home","item":"https:\/\/francescoeconomy.org\/it\/"},{"@type":"ListItem","position":2,"name":"Progetto Tutela Boschi"}]},{"@type":"WebSite","@id":"https:\/\/francescoeconomy.org\/#website","url":"https:\/\/francescoeconomy.org\/","name":"The Economy of Francesco","description":"Young people, a commitment, the future","publisher":{"@id":"https:\/\/francescoeconomy.org\/#organization"},"potentialAction":[{"@type":"SearchAction","target":{"@type":"EntryPoint","urlTemplate":"https:\/\/francescoeconomy.org\/?s={search_term_string}"},"query-input":{"@type":"PropertyValueSpecification","valueRequired":true,"valueName":"search_term_string"}}],"inLanguage":"it-IT"},{"@type":"Organization","@id":"https:\/\/francescoeconomy.org\/#organization","name":"The Economy of Francesco","url":"https:\/\/francescoeconomy.org\/","logo":{"@type":"ImageObject","inLanguage":"it-IT","@id":"https:\/\/francescoeconomy.org\/#\/schema\/logo\/image\/","url":"https:\/\/francescoeconomy.org\/wp-content\/uploads\/2019\/06\/Logo-EoF2020-tracciato.png","contentUrl":"https:\/\/francescoeconomy.org\/wp-content\/uploads\/2019\/06\/Logo-EoF2020-tracciato.png","width":513,"height":513,"caption":"The Economy of Francesco"},"image":{"@id":"https:\/\/francescoeconomy.org\/#\/schema\/logo\/image\/"}}]}},"_links":{"self":[{"href":"https:\/\/francescoeconomy.org\/it\/wp-json\/wp\/v2\/pages\/20174","targetHints":{"allow":["GET"]}}],"collection":[{"href":"https:\/\/francescoeconomy.org\/it\/wp-json\/wp\/v2\/pages"}],"about":[{"href":"https:\/\/francescoeconomy.org\/it\/wp-json\/wp\/v2\/types\/page"}],"author":[{"embeddable":true,"href":"https:\/\/francescoeconomy.org\/it\/wp-json\/wp\/v2\/users\/1"}],"replies":[{"embeddable":true,"href":"https:\/\/francescoeconomy.org\/it\/wp-json\/wp\/v2\/comments?post=20174"}],"version-history":[{"count":0,"href":"https:\/\/francescoeconomy.org\/it\/wp-json\/wp\/v2\/pages\/20174\/revisions"}],"wp:attachment":[{"href":"https:\/\/francescoeconomy.org\/it\/wp-json\/wp\/v2\/media?parent=20174"}],"curies":[{"name":"wp","href":"https:\/\/api.w.org\/{rel}","templated":true}]}}